{"id":97,"date":"2018-06-06T14:31:22","date_gmt":"2018-06-06T12:31:22","guid":{"rendered":"http:\/\/www.brunnenputzer.de\/wordpress\/?page_id=97"},"modified":"2026-01-09T10:39:23","modified_gmt":"2026-01-09T09:39:23","slug":"vorlagen-infos","status":"publish","type":"page","link":"https:\/\/www.brunnenputzer.de\/wordpress\/vorlagen-infos\/","title":{"rendered":"&#8230;sonstige Infos\/Pins"},"content":{"rendered":"<div class=\"wp-block-image\">\n<figure class=\"alignleft\"><img loading=\"lazy\" decoding=\"async\" width=\"100\" height=\"172\" src=\"https:\/\/www.brunnenputzer.de\/wordpress\/wp-content\/uploads\/2018\/06\/brunnenputzer_traditionell_100.png\" alt=\"\" class=\"wp-image-287\"\/><\/figure>\n<\/div>\n\n\n<p><strong>Die Anzugsordnung f\u00fcr die Umz\u00fcge lautet f\u00fcr die Brunnenputzer:<\/strong><\/p>\n\n\n\n<ul class=\"wp-block-list\">\n<li>Elferr\u00e4te im Ornat<\/li>\n\n\n\n<li>Garden im Gardekost\u00fcm<\/li>\n\n\n\n<li>das Fu\u00dfvolk geht im Brunnenputzer-Outfit wie folgt beschrieben.<\/li>\n<\/ul>\n\n\n\n<p>Bitte nicht anders !!!<\/p>\n\n\n\n<p><strong>Folgende Anzugsordnung gilt f\u00fcr das Brunnenputzerkost\u00fcm:<\/strong><\/p>\n\n\n\n<p>Unter der gr\u00fcnen Sch\u00fcrze, der orangen Dollekappe und dem orangefarbenen Tuch<br>tr\u00e4gt der Brunnenputzer SCHWARZ bzw. <strong>dunkle Kleidung<\/strong>!!!<br><em>&#8230;Hose, Pulli, Jacke und Schuhe sollten in dunkle Farben gehalten sein&#8230;<\/em><br>Als schmuckes Beiwerk kommt ein Eimer in Orange und ein Reisigbesen hinzu.<\/p>\n\n\n\n<p>Brunnenputzerkost\u00fcme gibt es in eurer G\u00e4rtnerei Riedl in K\u00fclsheim.<\/p>\n\n\n\n<hr class=\"wp-block-separator has-alpha-channel-opacity\"\/>\n\n\n\n<div class=\"wp-block-media-text alignwide is-stacked-on-mobile\" style=\"grid-template-columns:36% auto\"><figure class=\"wp-block-media-text__media\"><img loading=\"lazy\" decoding=\"async\" width=\"635\" height=\"902\" src=\"https:\/\/www.brunnenputzer.de\/wordpress\/wp-content\/uploads\/2026\/01\/Alle-PINS-2026.jpg\" alt=\"\" class=\"wp-image-14997 size-full\" srcset=\"https:\/\/www.brunnenputzer.de\/wordpress\/wp-content\/uploads\/2026\/01\/Alle-PINS-2026.jpg 635w, https:\/\/www.brunnenputzer.de\/wordpress\/wp-content\/uploads\/2026\/01\/Alle-PINS-2026-211x300.jpg 211w, https:\/\/www.brunnenputzer.de\/wordpress\/wp-content\/uploads\/2026\/01\/Alle-PINS-2026-618x878.jpg 618w, https:\/\/www.brunnenputzer.de\/wordpress\/wp-content\/uploads\/2026\/01\/Alle-PINS-2026-313x444.jpg 313w\" sizes=\"auto, (max-width: 635px) 100vw, 635px\" \/><\/figure><div class=\"wp-block-media-text__content\">\n<p>Das sind die bisherigen Pins:<\/p>\n\n\n\n<p>2009 &#8222;\u00c4iwi Voul&#8220; <sub>(<em>ausverkauft<\/em>)<\/sub> <\/p>\n\n\n\n<p>2011 &#8222;M\u00e4nnchen&#8220; <sub>(<em>ausverkauft<\/em>)<\/sub> <\/p>\n\n\n\n<p>2013 &#8222;M\u00e4dchen<strong>&#8222;<\/strong> <sub>(<em>ausverkauft<\/em>)<\/sub><\/p>\n\n\n\n<p>2014 &#8222;Ortsschild&#8220; <sub>(<em>ausverkauft<\/em>)<\/sub><\/p>\n\n\n\n<p>Aktuelle Pins:<\/p>\n\n\n\n<p><strong>2023 &#8222;Eimerle&#8220; St\u00fcck = 2,- EUR<\/strong><\/p>\n\n\n\n<p><strong>2026<\/strong> <strong>&#8222;Dollekappe&#8220;<\/strong> <strong>St\u00fcck<\/strong> <strong>= 2,- EUR<\/strong><\/p>\n\n\n\n<p><\/p>\n<\/div><\/div>\n\n\n\n<div class=\"wp-block-media-text alignwide is-stacked-on-mobile\" style=\"grid-template-columns:36% auto\"><figure class=\"wp-block-media-text__media\"><img loading=\"lazy\" decoding=\"async\" width=\"264\" height=\"333\" src=\"https:\/\/www.brunnenputzer.de\/wordpress\/wp-content\/uploads\/2026\/01\/Dollekappe-2026.jpg\" alt=\"\" class=\"wp-image-14998 size-full\" srcset=\"https:\/\/www.brunnenputzer.de\/wordpress\/wp-content\/uploads\/2026\/01\/Dollekappe-2026.jpg 264w, https:\/\/www.brunnenputzer.de\/wordpress\/wp-content\/uploads\/2026\/01\/Dollekappe-2026-238x300.jpg 238w\" sizes=\"auto, (max-width: 264px) 100vw, 264px\" \/><\/figure><div class=\"wp-block-media-text__content\">\n<p>Die Pins gibt es das ganze Jahr \u00fcber :o) in eurer Tankstelle in K\u00fclsheim.<\/p>\n\n\n\n<p><em><sub>(\u00d6ffnungszeiten: Di -Fr 8:30-12:00 Uhr+14:00-18:00 Uhr)<\/sub><\/em><\/p>\n<\/div><\/div>\n","protected":false},"excerpt":{"rendered":"<p>Die Anzugsordnung f\u00fcr die Umz\u00fcge lautet f\u00fcr die Brunnenputzer: Bitte nicht anders !!! Folgende Anzugsordnung gilt f\u00fcr das Brunnenputzerkost\u00fcm: Unter der gr\u00fcnen Sch\u00fcrze, der orangen Dollekappe und dem orangefarbenen Tuchtr\u00e4gt der Brunnenputzer SCHWARZ bzw. dunkle Kleidung!!!&#8230;Hose, Pulli, Jacke und Schuhe sollten in dunkle Farben gehalten sein&#8230;Als schmuckes Beiwerk kommt ein Eimer in Orange und ein [&hellip;]<\/p>\n","protected":false},"author":1,"featured_media":0,"parent":0,"menu_order":0,"comment_status":"closed","ping_status":"closed","template":"","meta":{"footnotes":""},"class_list":["post-97","page","type-page","status-publish","hentry"],"jetpack_sharing_enabled":true,"_links":{"self":[{"href":"https:\/\/www.brunnenputzer.de\/wordpress\/wp-json\/wp\/v2\/pages\/97","targetHints":{"allow":["GET"]}}],"collection":[{"href":"https:\/\/www.brunnenputzer.de\/wordpress\/wp-json\/wp\/v2\/pages"}],"about":[{"href":"https:\/\/www.brunnenputzer.de\/wordpress\/wp-json\/wp\/v2\/types\/page"}],"author":[{"embeddable":true,"href":"https:\/\/www.brunnenputzer.de\/wordpress\/wp-json\/wp\/v2\/users\/1"}],"replies":[{"embeddable":true,"href":"https:\/\/www.brunnenputzer.de\/wordpress\/wp-json\/wp\/v2\/comments?post=97"}],"version-history":[{"count":19,"href":"https:\/\/www.brunnenputzer.de\/wordpress\/wp-json\/wp\/v2\/pages\/97\/revisions"}],"predecessor-version":[{"id":15003,"href":"https:\/\/www.brunnenputzer.de\/wordpress\/wp-json\/wp\/v2\/pages\/97\/revisions\/15003"}],"wp:attachment":[{"href":"https:\/\/www.brunnenputzer.de\/wordpress\/wp-json\/wp\/v2\/media?parent=97"}],"curies":[{"name":"wp","href":"https:\/\/api.w.org\/{rel}","templated":true}]}}