{"id":9009,"date":"2020-01-08T13:00:05","date_gmt":"2020-01-08T12:00:05","guid":{"rendered":"http:\/\/www.brunnenputzer.de\/wordpress\/?page_id=9009"},"modified":"2020-02-11T17:15:06","modified_gmt":"2020-02-11T16:15:06","slug":"prunksitzung-samstag-2020","status":"publish","type":"page","link":"https:\/\/www.brunnenputzer.de\/wordpress\/prunksitzung-samstag-2020\/","title":{"rendered":"Prunksitzung Samstag 2020"},"content":{"rendered":"\n<div class=\"wp-block-media-text alignwide\" style=\"grid-template-columns:29% auto\"><figure class=\"wp-block-media-text__media\"><img loading=\"lazy\" decoding=\"async\" width=\"725\" height=\"1024\" src=\"https:\/\/www.brunnenputzer.de\/wordpress\/wp-content\/uploads\/2020\/02\/Prusi-2020-725x1024.jpg\" alt=\"\" class=\"wp-image-10366\" srcset=\"https:\/\/www.brunnenputzer.de\/wordpress\/wp-content\/uploads\/2020\/02\/Prusi-2020-725x1024.jpg 725w, https:\/\/www.brunnenputzer.de\/wordpress\/wp-content\/uploads\/2020\/02\/Prusi-2020-212x300.jpg 212w, https:\/\/www.brunnenputzer.de\/wordpress\/wp-content\/uploads\/2020\/02\/Prusi-2020-768x1085.jpg 768w, https:\/\/www.brunnenputzer.de\/wordpress\/wp-content\/uploads\/2020\/02\/Prusi-2020-1088x1536.jpg 1088w, https:\/\/www.brunnenputzer.de\/wordpress\/wp-content\/uploads\/2020\/02\/Prusi-2020-1450x2048.jpg 1450w, https:\/\/www.brunnenputzer.de\/wordpress\/wp-content\/uploads\/2020\/02\/Prusi-2020-618x873.jpg 618w, https:\/\/www.brunnenputzer.de\/wordpress\/wp-content\/uploads\/2020\/02\/Prusi-2020-314x444.jpg 314w, https:\/\/www.brunnenputzer.de\/wordpress\/wp-content\/uploads\/2020\/02\/Prusi-2020-scaled.jpg 1813w\" sizes=\"auto, (max-width: 725px) 100vw, 725px\" \/><\/figure><div class=\"wp-block-media-text__content\">\n<blockquote class=\"wp-block-quote is-layout-flow wp-block-quote-is-layout-flow\"><p>Viel Spa\u00df beim St\u00f6bern in der Galerie w\u00fcnscht euch Th. Hilpert<\/p><\/blockquote>\n<\/div><\/div>\n\n\n\n<p><\/p>\n\n\n\n<hr class=\"wp-block-separator\"\/>\n\n\n\n<div class=\"wp-block-group\"><div class=\"wp-block-group__inner-container is-layout-flow wp-block-group-is-layout-flow\">\n<div class=\"wp-block-image is-style-circle-mask\"><figure class=\"aligncenter size-large is-resized\"><a class=\"\" href=\"https:\/\/www.brunnenputzer.de\/wordpress\/vorbereitung-sa-2020\/\" rel=\"\"><img loading=\"lazy\" decoding=\"async\" src=\"https:\/\/www.brunnenputzer.de\/wordpress\/wp-content\/uploads\/2020\/02\/Sa-2020-6.jpg\" alt=\"\" class=\"wp-image-9819\" width=\"192\" height=\"143\" srcset=\"https:\/\/www.brunnenputzer.de\/wordpress\/wp-content\/uploads\/2020\/02\/Sa-2020-6.jpg 1024w, https:\/\/www.brunnenputzer.de\/wordpress\/wp-content\/uploads\/2020\/02\/Sa-2020-6-300x225.jpg 300w, https:\/\/www.brunnenputzer.de\/wordpress\/wp-content\/uploads\/2020\/02\/Sa-2020-6-768x576.jpg 768w, https:\/\/www.brunnenputzer.de\/wordpress\/wp-content\/uploads\/2020\/02\/Sa-2020-6-618x464.jpg 618w, https:\/\/www.brunnenputzer.de\/wordpress\/wp-content\/uploads\/2020\/02\/Sa-2020-6-138x104.jpg 138w, https:\/\/www.brunnenputzer.de\/wordpress\/wp-content\/uploads\/2020\/02\/Sa-2020-6-444x333.jpg 444w\" sizes=\"auto, (max-width: 192px) 100vw, 192px\" \/><\/a><figcaption><a href=\"https:\/\/www.brunnenputzer.de\/wordpress\/vorbereitung-sa-2020\/\">Vorbereitungen<\/a><\/figcaption><\/figure><\/div>\n<\/div><\/div>\n\n\n\n<div class=\"wp-block-image is-style-circle-mask\"><figure class=\"aligncenter size-large is-resized\"><a href=\"https:\/\/www.brunnenputzer.de\/wordpress\/empfang-sa-2020\/\"><img loading=\"lazy\" decoding=\"async\" src=\"https:\/\/www.brunnenputzer.de\/wordpress\/wp-content\/uploads\/2020\/02\/20-Prusi_2_003.jpg\" alt=\"\" class=\"wp-image-9833\" width=\"246\" height=\"162\"\/><\/a><figcaption><a href=\"https:\/\/www.brunnenputzer.de\/wordpress\/empfang-sa-2020\/\">Empfang<\/a><\/figcaption><\/figure><\/div>\n\n\n\n<div class=\"wp-block-image is-style-circle-mask\"><figure class=\"aligncenter size-large is-resized\"><a href=\"https:\/\/www.brunnenputzer.de\/wordpress\/empfang-sa-2020\/\"><img loading=\"lazy\" decoding=\"async\" src=\"https:\/\/www.brunnenputzer.de\/wordpress\/wp-content\/uploads\/2020\/02\/20-Prusi_2_090.jpg\" alt=\"\" class=\"wp-image-9926\" width=\"177\" height=\"266\" srcset=\"https:\/\/www.brunnenputzer.de\/wordpress\/wp-content\/uploads\/2020\/02\/20-Prusi_2_090.jpg 681w, https:\/\/www.brunnenputzer.de\/wordpress\/wp-content\/uploads\/2020\/02\/20-Prusi_2_090-200x300.jpg 200w, https:\/\/www.brunnenputzer.de\/wordpress\/wp-content\/uploads\/2020\/02\/20-Prusi_2_090-618x929.jpg 618w, https:\/\/www.brunnenputzer.de\/wordpress\/wp-content\/uploads\/2020\/02\/20-Prusi_2_090-295x444.jpg 295w\" sizes=\"auto, (max-width: 177px) 100vw, 177px\" \/><\/a><figcaption><a href=\"https:\/\/www.brunnenputzer.de\/wordpress\/empfang-sa-2020\/\">Die Sitzung beginnt&#8230;<\/a><\/figcaption><\/figure><\/div>\n\n\n\n<div class=\"wp-block-image is-style-circle-mask\"><figure class=\"aligncenter size-large is-resized\"><a href=\"https:\/\/www.brunnenputzer.de\/wordpress\/empfang-sa-2020\/\"><img loading=\"lazy\" decoding=\"async\" src=\"https:\/\/www.brunnenputzer.de\/wordpress\/wp-content\/uploads\/2020\/02\/20-Prusi_2_138.jpg\" alt=\"\" class=\"wp-image-9899\" width=\"250\" height=\"165\" srcset=\"https:\/\/www.brunnenputzer.de\/wordpress\/wp-content\/uploads\/2020\/02\/20-Prusi_2_138.jpg 1024w, https:\/\/www.brunnenputzer.de\/wordpress\/wp-content\/uploads\/2020\/02\/20-Prusi_2_138-768x511.jpg 768w, https:\/\/www.brunnenputzer.de\/wordpress\/wp-content\/uploads\/2020\/02\/20-Prusi_2_138-618x411.jpg 618w, https:\/\/www.brunnenputzer.de\/wordpress\/wp-content\/uploads\/2020\/02\/20-Prusi_2_138-444x295.jpg 444w\" sizes=\"auto, (max-width: 250px) 100vw, 250px\" \/><\/a><figcaption><a href=\"https:\/\/www.brunnenputzer.de\/wordpress\/empfang-sa-2020\/\">Minis<\/a><\/figcaption><\/figure><\/div>\n\n\n\n<div class=\"wp-block-image is-style-circle-mask\"><figure class=\"aligncenter size-large is-resized\"><img loading=\"lazy\" decoding=\"async\" src=\"https:\/\/www.brunnenputzer.de\/wordpress\/wp-content\/uploads\/2020\/02\/20-Prusi_2_160.jpg\" alt=\"\" class=\"wp-image-9962\" width=\"255\" height=\"169\" srcset=\"https:\/\/www.brunnenputzer.de\/wordpress\/wp-content\/uploads\/2020\/02\/20-Prusi_2_160.jpg 1024w, https:\/\/www.brunnenputzer.de\/wordpress\/wp-content\/uploads\/2020\/02\/20-Prusi_2_160-300x200.jpg 300w, https:\/\/www.brunnenputzer.de\/wordpress\/wp-content\/uploads\/2020\/02\/20-Prusi_2_160-768x511.jpg 768w, https:\/\/www.brunnenputzer.de\/wordpress\/wp-content\/uploads\/2020\/02\/20-Prusi_2_160-618x411.jpg 618w, https:\/\/www.brunnenputzer.de\/wordpress\/wp-content\/uploads\/2020\/02\/20-Prusi_2_160-444x295.jpg 444w\" sizes=\"auto, (max-width: 255px) 100vw, 255px\" \/><figcaption><a href=\"https:\/\/www.brunnenputzer.de\/wordpress\/bierbuett-schweinberg-sa-2020\/\">Bier B\u00fctt <\/a><\/figcaption><\/figure><\/div>\n\n\n\n<div class=\"wp-block-image is-style-circle-mask\"><figure class=\"aligncenter size-large is-resized\"><a href=\"https:\/\/www.brunnenputzer.de\/wordpress\/gardetanz-kiga-sa-2020\/\"><img loading=\"lazy\" decoding=\"async\" src=\"https:\/\/www.brunnenputzer.de\/wordpress\/wp-content\/uploads\/2020\/02\/20-Prusi_2_174.jpg\" alt=\"\" class=\"wp-image-9979\" width=\"254\" height=\"168\" srcset=\"https:\/\/www.brunnenputzer.de\/wordpress\/wp-content\/uploads\/2020\/02\/20-Prusi_2_174.jpg 1024w, https:\/\/www.brunnenputzer.de\/wordpress\/wp-content\/uploads\/2020\/02\/20-Prusi_2_174-300x200.jpg 300w, https:\/\/www.brunnenputzer.de\/wordpress\/wp-content\/uploads\/2020\/02\/20-Prusi_2_174-768x511.jpg 768w, https:\/\/www.brunnenputzer.de\/wordpress\/wp-content\/uploads\/2020\/02\/20-Prusi_2_174-618x411.jpg 618w, https:\/\/www.brunnenputzer.de\/wordpress\/wp-content\/uploads\/2020\/02\/20-Prusi_2_174-444x295.jpg 444w\" sizes=\"auto, (max-width: 254px) 100vw, 254px\" \/><\/a><figcaption><a href=\"https:\/\/www.brunnenputzer.de\/wordpress\/gardetanz-kiga-sa-2020\/\">Kiga<\/a><\/figcaption><\/figure><\/div>\n\n\n\n<div class=\"wp-block-image is-style-circle-mask\"><figure class=\"aligncenter size-large is-resized\"><a href=\"https:\/\/www.brunnenputzer.de\/wordpress\/kuelsemer-fregger-sa-2020\/\"><img loading=\"lazy\" decoding=\"async\" src=\"https:\/\/www.brunnenputzer.de\/wordpress\/wp-content\/uploads\/2020\/02\/20-Prusi_2_210.jpg\" alt=\"\" class=\"wp-image-10012\" width=\"234\" height=\"155\" srcset=\"https:\/\/www.brunnenputzer.de\/wordpress\/wp-content\/uploads\/2020\/02\/20-Prusi_2_210.jpg 1024w, https:\/\/www.brunnenputzer.de\/wordpress\/wp-content\/uploads\/2020\/02\/20-Prusi_2_210-300x200.jpg 300w, https:\/\/www.brunnenputzer.de\/wordpress\/wp-content\/uploads\/2020\/02\/20-Prusi_2_210-768x511.jpg 768w, https:\/\/www.brunnenputzer.de\/wordpress\/wp-content\/uploads\/2020\/02\/20-Prusi_2_210-618x411.jpg 618w, https:\/\/www.brunnenputzer.de\/wordpress\/wp-content\/uploads\/2020\/02\/20-Prusi_2_210-444x295.jpg 444w\" sizes=\"auto, (max-width: 234px) 100vw, 234px\" \/><\/a><figcaption><a href=\"https:\/\/www.brunnenputzer.de\/wordpress\/kuelsemer-fregger-sa-2020\/\">K\u00fclsemer Fregger<\/a><\/figcaption><\/figure><\/div>\n\n\n\n<div class=\"wp-block-image is-style-circle-mask\"><figure class=\"aligncenter size-large is-resized\"><a href=\"https:\/\/www.brunnenputzer.de\/wordpress\/gardetanz-juga-sa-2020\/\"><img loading=\"lazy\" decoding=\"async\" src=\"https:\/\/www.brunnenputzer.de\/wordpress\/wp-content\/uploads\/2020\/02\/20-Prusi_2_239.jpg\" alt=\"\" class=\"wp-image-10041\" width=\"250\" height=\"165\" srcset=\"https:\/\/www.brunnenputzer.de\/wordpress\/wp-content\/uploads\/2020\/02\/20-Prusi_2_239.jpg 1024w, https:\/\/www.brunnenputzer.de\/wordpress\/wp-content\/uploads\/2020\/02\/20-Prusi_2_239-768x511.jpg 768w, https:\/\/www.brunnenputzer.de\/wordpress\/wp-content\/uploads\/2020\/02\/20-Prusi_2_239-618x411.jpg 618w, https:\/\/www.brunnenputzer.de\/wordpress\/wp-content\/uploads\/2020\/02\/20-Prusi_2_239-444x295.jpg 444w\" sizes=\"auto, (max-width: 250px) 100vw, 250px\" \/><\/a><figcaption><a href=\"https:\/\/www.brunnenputzer.de\/wordpress\/gardetanz-juga-sa-2020\/\">Juga<\/a><\/figcaption><\/figure><\/div>\n\n\n\n<div class=\"wp-block-image is-style-circle-mask\"><figure class=\"aligncenter size-large is-resized\"><a href=\"https:\/\/www.brunnenputzer.de\/wordpress\/buett-difloe-hardheim-sa-2020\/\"><img loading=\"lazy\" decoding=\"async\" src=\"https:\/\/www.brunnenputzer.de\/wordpress\/wp-content\/uploads\/2020\/02\/20-Prusi_2_252.jpg\" alt=\"\" class=\"wp-image-10055\" width=\"263\" height=\"174\" srcset=\"https:\/\/www.brunnenputzer.de\/wordpress\/wp-content\/uploads\/2020\/02\/20-Prusi_2_252.jpg 1024w, https:\/\/www.brunnenputzer.de\/wordpress\/wp-content\/uploads\/2020\/02\/20-Prusi_2_252-300x200.jpg 300w, https:\/\/www.brunnenputzer.de\/wordpress\/wp-content\/uploads\/2020\/02\/20-Prusi_2_252-768x511.jpg 768w, https:\/\/www.brunnenputzer.de\/wordpress\/wp-content\/uploads\/2020\/02\/20-Prusi_2_252-618x411.jpg 618w, https:\/\/www.brunnenputzer.de\/wordpress\/wp-content\/uploads\/2020\/02\/20-Prusi_2_252-444x295.jpg 444w\" sizes=\"auto, (max-width: 263px) 100vw, 263px\" \/><\/a><figcaption><a href=\"https:\/\/www.brunnenputzer.de\/wordpress\/buett-difloe-hardheim-sa-2020\/\">B\u00fctt Diflo\u00e9<\/a><\/figcaption><\/figure><\/div>\n\n\n\n<div class=\"wp-block-image is-style-circle-mask\"><figure class=\"aligncenter size-large is-resized\"><a href=\"https:\/\/www.brunnenputzer.de\/wordpress\/mb-hainstadt-sa-2020\/\"><img loading=\"lazy\" decoding=\"async\" src=\"https:\/\/www.brunnenputzer.de\/wordpress\/wp-content\/uploads\/2020\/02\/20-Prusi_2_273.jpg\" alt=\"\" class=\"wp-image-10076\" width=\"262\" height=\"173\" srcset=\"https:\/\/www.brunnenputzer.de\/wordpress\/wp-content\/uploads\/2020\/02\/20-Prusi_2_273.jpg 1024w, https:\/\/www.brunnenputzer.de\/wordpress\/wp-content\/uploads\/2020\/02\/20-Prusi_2_273-768x511.jpg 768w, https:\/\/www.brunnenputzer.de\/wordpress\/wp-content\/uploads\/2020\/02\/20-Prusi_2_273-618x411.jpg 618w, https:\/\/www.brunnenputzer.de\/wordpress\/wp-content\/uploads\/2020\/02\/20-Prusi_2_273-444x295.jpg 444w\" sizes=\"auto, (max-width: 262px) 100vw, 262px\" \/><\/a><figcaption><a href=\"https:\/\/www.brunnenputzer.de\/wordpress\/mb-hainstadt-sa-2020\/\">MB Hainstadt<\/a><\/figcaption><\/figure><\/div>\n\n\n\n<div class=\"wp-block-image is-style-circle-mask\"><figure class=\"aligncenter size-large is-resized\"><a href=\"https:\/\/www.brunnenputzer.de\/wordpress\/gruessgrooberassler-sa-2020\/\"><img loading=\"lazy\" decoding=\"async\" src=\"https:\/\/www.brunnenputzer.de\/wordpress\/wp-content\/uploads\/2020\/02\/20-Prusi_2_295.jpg\" alt=\"\" class=\"wp-image-10100\" width=\"259\" height=\"171\" srcset=\"https:\/\/www.brunnenputzer.de\/wordpress\/wp-content\/uploads\/2020\/02\/20-Prusi_2_295.jpg 1024w, https:\/\/www.brunnenputzer.de\/wordpress\/wp-content\/uploads\/2020\/02\/20-Prusi_2_295-768x511.jpg 768w, https:\/\/www.brunnenputzer.de\/wordpress\/wp-content\/uploads\/2020\/02\/20-Prusi_2_295-618x411.jpg 618w, https:\/\/www.brunnenputzer.de\/wordpress\/wp-content\/uploads\/2020\/02\/20-Prusi_2_295-444x295.jpg 444w\" sizes=\"auto, (max-width: 259px) 100vw, 259px\" \/><\/a><figcaption><a href=\"https:\/\/www.brunnenputzer.de\/wordpress\/gruessgrooberassler-sa-2020\/\">G\u00fc\u00dfgrooberassler<\/a><\/figcaption><\/figure><\/div>\n\n\n\n<div class=\"wp-block-image is-style-circle-mask\"><figure class=\"aligncenter size-large is-resized\"><a href=\"https:\/\/www.brunnenputzer.de\/wordpress\/seniorengarde-sa-2020\/\"><img loading=\"lazy\" decoding=\"async\" src=\"https:\/\/www.brunnenputzer.de\/wordpress\/wp-content\/uploads\/2020\/02\/20-Prusi_2_305.jpg\" alt=\"\" class=\"wp-image-10113\" width=\"252\" height=\"167\" srcset=\"https:\/\/www.brunnenputzer.de\/wordpress\/wp-content\/uploads\/2020\/02\/20-Prusi_2_305.jpg 1024w, https:\/\/www.brunnenputzer.de\/wordpress\/wp-content\/uploads\/2020\/02\/20-Prusi_2_305-300x200.jpg 300w, https:\/\/www.brunnenputzer.de\/wordpress\/wp-content\/uploads\/2020\/02\/20-Prusi_2_305-768x511.jpg 768w, https:\/\/www.brunnenputzer.de\/wordpress\/wp-content\/uploads\/2020\/02\/20-Prusi_2_305-618x411.jpg 618w, https:\/\/www.brunnenputzer.de\/wordpress\/wp-content\/uploads\/2020\/02\/20-Prusi_2_305-444x295.jpg 444w\" sizes=\"auto, (max-width: 252px) 100vw, 252px\" \/><\/a><figcaption><a href=\"https:\/\/www.brunnenputzer.de\/wordpress\/seniorengarde-sa-2020\/\">Seniorengarde<\/a><\/figcaption><\/figure><\/div>\n\n\n\n<div class=\"wp-block-image is-style-circle-mask\"><figure class=\"aligncenter size-large is-resized\"><a href=\"https:\/\/www.brunnenputzer.de\/wordpress\/ortsgeschehen-ab-sa-2020\/\"><img loading=\"lazy\" decoding=\"async\" src=\"https:\/\/www.brunnenputzer.de\/wordpress\/wp-content\/uploads\/2020\/02\/20-Prusi_2_356.jpg\" alt=\"\" class=\"wp-image-10160\" width=\"270\" height=\"179\" srcset=\"https:\/\/www.brunnenputzer.de\/wordpress\/wp-content\/uploads\/2020\/02\/20-Prusi_2_356.jpg 1024w, https:\/\/www.brunnenputzer.de\/wordpress\/wp-content\/uploads\/2020\/02\/20-Prusi_2_356-300x200.jpg 300w, https:\/\/www.brunnenputzer.de\/wordpress\/wp-content\/uploads\/2020\/02\/20-Prusi_2_356-768x511.jpg 768w, https:\/\/www.brunnenputzer.de\/wordpress\/wp-content\/uploads\/2020\/02\/20-Prusi_2_356-618x411.jpg 618w, https:\/\/www.brunnenputzer.de\/wordpress\/wp-content\/uploads\/2020\/02\/20-Prusi_2_356-444x295.jpg 444w\" sizes=\"auto, (max-width: 270px) 100vw, 270px\" \/><\/a><figcaption><a href=\"https:\/\/www.brunnenputzer.de\/wordpress\/ortsgeschehen-ab-sa-2020\/\">Ortsgeschehen<\/a><\/figcaption><\/figure><\/div>\n\n\n\n<div class=\"wp-block-image is-style-circle-mask\"><figure class=\"aligncenter size-large is-resized\"><a href=\"https:\/\/www.brunnenputzer.de\/wordpress\/mb-kuelse-sa-2020\/\"><img loading=\"lazy\" decoding=\"async\" src=\"https:\/\/www.brunnenputzer.de\/wordpress\/wp-content\/uploads\/2020\/02\/20-Prusi_2_379.jpg\" alt=\"\" class=\"wp-image-10185\" width=\"264\" height=\"175\" srcset=\"https:\/\/www.brunnenputzer.de\/wordpress\/wp-content\/uploads\/2020\/02\/20-Prusi_2_379.jpg 1024w, https:\/\/www.brunnenputzer.de\/wordpress\/wp-content\/uploads\/2020\/02\/20-Prusi_2_379-300x200.jpg 300w, https:\/\/www.brunnenputzer.de\/wordpress\/wp-content\/uploads\/2020\/02\/20-Prusi_2_379-768x511.jpg 768w, https:\/\/www.brunnenputzer.de\/wordpress\/wp-content\/uploads\/2020\/02\/20-Prusi_2_379-618x411.jpg 618w, https:\/\/www.brunnenputzer.de\/wordpress\/wp-content\/uploads\/2020\/02\/20-Prusi_2_379-444x295.jpg 444w\" sizes=\"auto, (max-width: 264px) 100vw, 264px\" \/><\/a><figcaption><a href=\"https:\/\/www.brunnenputzer.de\/wordpress\/mb-kuelse-sa-2020\/\">MB K\u00fclse<\/a><\/figcaption><\/figure><\/div>\n\n\n\n<div class=\"wp-block-image is-style-circle-mask\"><figure class=\"aligncenter size-large is-resized\"><a href=\"https:\/\/www.brunnenputzer.de\/wordpress\/buett-gabi-sa-2020\/\"><img loading=\"lazy\" decoding=\"async\" src=\"https:\/\/www.brunnenputzer.de\/wordpress\/wp-content\/uploads\/2020\/02\/20-Prusi_2_407.jpg\" alt=\"\" class=\"wp-image-10216\" width=\"235\" height=\"155\" srcset=\"https:\/\/www.brunnenputzer.de\/wordpress\/wp-content\/uploads\/2020\/02\/20-Prusi_2_407.jpg 1024w, https:\/\/www.brunnenputzer.de\/wordpress\/wp-content\/uploads\/2020\/02\/20-Prusi_2_407-768x511.jpg 768w, https:\/\/www.brunnenputzer.de\/wordpress\/wp-content\/uploads\/2020\/02\/20-Prusi_2_407-618x411.jpg 618w, https:\/\/www.brunnenputzer.de\/wordpress\/wp-content\/uploads\/2020\/02\/20-Prusi_2_407-444x295.jpg 444w\" sizes=\"auto, (max-width: 235px) 100vw, 235px\" \/><\/a><figcaption><a href=\"https:\/\/www.brunnenputzer.de\/wordpress\/buett-gabi-sa-2020\/\">B\u00fctt Gabi<\/a><\/figcaption><\/figure><\/div>\n\n\n\n<div class=\"wp-block-image is-style-circle-mask\"><figure class=\"aligncenter size-large is-resized\"><a href=\"https:\/\/www.brunnenputzer.de\/wordpress\/schautanz-der-garden-sa-2020\/\"><img loading=\"lazy\" decoding=\"async\" src=\"https:\/\/www.brunnenputzer.de\/wordpress\/wp-content\/uploads\/2020\/02\/20-Prusi_2_427.jpg\" alt=\"\" class=\"wp-image-10238\" width=\"258\" height=\"171\" srcset=\"https:\/\/www.brunnenputzer.de\/wordpress\/wp-content\/uploads\/2020\/02\/20-Prusi_2_427.jpg 1024w, https:\/\/www.brunnenputzer.de\/wordpress\/wp-content\/uploads\/2020\/02\/20-Prusi_2_427-300x200.jpg 300w, https:\/\/www.brunnenputzer.de\/wordpress\/wp-content\/uploads\/2020\/02\/20-Prusi_2_427-768x511.jpg 768w, https:\/\/www.brunnenputzer.de\/wordpress\/wp-content\/uploads\/2020\/02\/20-Prusi_2_427-618x411.jpg 618w, https:\/\/www.brunnenputzer.de\/wordpress\/wp-content\/uploads\/2020\/02\/20-Prusi_2_427-444x295.jpg 444w\" sizes=\"auto, (max-width: 258px) 100vw, 258px\" \/><\/a><figcaption><a href=\"https:\/\/www.brunnenputzer.de\/wordpress\/schautanz-der-garden-sa-2020\/\">Schautanz der Garden<\/a><\/figcaption><\/figure><\/div>\n\n\n\n<div class=\"wp-block-image is-style-circle-mask\"><figure class=\"aligncenter size-large is-resized\"><a href=\"https:\/\/www.brunnenputzer.de\/wordpress\/finale-sa-2020\/\"><img loading=\"lazy\" decoding=\"async\" src=\"https:\/\/www.brunnenputzer.de\/wordpress\/wp-content\/uploads\/2020\/02\/20-Prusi_2_523.jpg\" alt=\"\" class=\"wp-image-10333\" width=\"276\" height=\"183\" srcset=\"https:\/\/www.brunnenputzer.de\/wordpress\/wp-content\/uploads\/2020\/02\/20-Prusi_2_523.jpg 1024w, https:\/\/www.brunnenputzer.de\/wordpress\/wp-content\/uploads\/2020\/02\/20-Prusi_2_523-300x200.jpg 300w, https:\/\/www.brunnenputzer.de\/wordpress\/wp-content\/uploads\/2020\/02\/20-Prusi_2_523-768x511.jpg 768w, https:\/\/www.brunnenputzer.de\/wordpress\/wp-content\/uploads\/2020\/02\/20-Prusi_2_523-618x411.jpg 618w, https:\/\/www.brunnenputzer.de\/wordpress\/wp-content\/uploads\/2020\/02\/20-Prusi_2_523-444x295.jpg 444w\" sizes=\"auto, (max-width: 276px) 100vw, 276px\" \/><\/a><figcaption><a href=\"https:\/\/www.brunnenputzer.de\/wordpress\/finale-sa-2020\/\">Finale<\/a><\/figcaption><\/figure><\/div>\n\n\n\n<p><\/p>\n","protected":false},"excerpt":{"rendered":"<p>Viel Spa\u00df beim St\u00f6bern in der Galerie w\u00fcnscht euch Th. Hilpert<\/p>\n","protected":false},"author":2,"featured_media":0,"parent":0,"menu_order":0,"comment_status":"closed","ping_status":"closed","template":"","meta":{"footnotes":""},"class_list":["post-9009","page","type-page","status-publish","hentry"],"jetpack_sharing_enabled":true,"_links":{"self":[{"href":"https:\/\/www.brunnenputzer.de\/wordpress\/wp-json\/wp\/v2\/pages\/9009","targetHints":{"allow":["GET"]}}],"collection":[{"href":"https:\/\/www.brunnenputzer.de\/wordpress\/wp-json\/wp\/v2\/pages"}],"about":[{"href":"https:\/\/www.brunnenputzer.de\/wordpress\/wp-json\/wp\/v2\/types\/page"}],"author":[{"embeddable":true,"href":"https:\/\/www.brunnenputzer.de\/wordpress\/wp-json\/wp\/v2\/users\/2"}],"replies":[{"embeddable":true,"href":"https:\/\/www.brunnenputzer.de\/wordpress\/wp-json\/wp\/v2\/comments?post=9009"}],"version-history":[{"count":17,"href":"https:\/\/www.brunnenputzer.de\/wordpress\/wp-json\/wp\/v2\/pages\/9009\/revisions"}],"predecessor-version":[{"id":10420,"href":"https:\/\/www.brunnenputzer.de\/wordpress\/wp-json\/wp\/v2\/pages\/9009\/revisions\/10420"}],"wp:attachment":[{"href":"https:\/\/www.brunnenputzer.de\/wordpress\/wp-json\/wp\/v2\/media?parent=9009"}],"curies":[{"name":"wp","href":"https:\/\/api.w.org\/{rel}","templated":true}]}}