{"id":6566,"date":"2018-07-30T14:36:45","date_gmt":"2018-07-30T12:36:45","guid":{"rendered":"http:\/\/www.brunnenputzer.de\/wordpress\/?page_id=6566"},"modified":"2018-07-30T15:02:45","modified_gmt":"2018-07-30T13:02:45","slug":"maibaumaufstellen-2018","status":"publish","type":"page","link":"https:\/\/www.brunnenputzer.de\/wordpress\/maibaumaufstellen-2018\/","title":{"rendered":"Maibaumaufstellen 2018"},"content":{"rendered":"<p><img loading=\"lazy\" decoding=\"async\" class=\"alignnone size-full wp-image-6562\" src=\"https:\/\/www.brunnenputzer.de\/wordpress\/wp-content\/uploads\/2018\/07\/Scheck...-Maibaum-2018.jpg\" alt=\"\" width=\"860\" height=\"519\" srcset=\"https:\/\/www.brunnenputzer.de\/wordpress\/wp-content\/uploads\/2018\/07\/Scheck...-Maibaum-2018.jpg 860w, https:\/\/www.brunnenputzer.de\/wordpress\/wp-content\/uploads\/2018\/07\/Scheck...-Maibaum-2018-300x181.jpg 300w, https:\/\/www.brunnenputzer.de\/wordpress\/wp-content\/uploads\/2018\/07\/Scheck...-Maibaum-2018-768x463.jpg 768w, https:\/\/www.brunnenputzer.de\/wordpress\/wp-content\/uploads\/2018\/07\/Scheck...-Maibaum-2018-618x373.jpg 618w, https:\/\/www.brunnenputzer.de\/wordpress\/wp-content\/uploads\/2018\/07\/Scheck...-Maibaum-2018-444x268.jpg 444w\" sizes=\"auto, (max-width: 860px) 100vw, 860px\" \/><\/p>\n<h6>Das Bild zeigt (von links) Stephan Lange, Rektor Udo M\u00fcller und Cornel Schreck.<\/h6>\n<aside class=\"nfy-placeholder nfy-placeholder-image-landscape\">\n<article class=\"nfy-img nfy-img-teaser-new fullwidth\">\n<p class=\"ar-p\">Die Fastnachtsgesellschaft Brunnenputzer K\u00fclsheim \u00fcbergab nun einen Scheck in H\u00f6he von 1000 Euro an die Pater-Alois-Grimm-Schule. Der Betrag kam zustande aus dem Abend rund um das Aufstellen des Maibaums am letzten Tag des Aprils.<\/p>\n<p class=\"ar-p\">Stephan Lange und Cornel Schreck von den \u201eBrunnenputzern\u201c unterstrichen bei der \u00dcbergabe, das Aufstellen eines Maibaums, inzwischen auf dem Schlossplatz, geh\u00f6re zum Bereich \u201eTradition wahren\u201c. Die Fastnachtsgesellschaft habe sich hier zum wiederholten Male eingebracht. Die Stadt K\u00fclsheim unterst\u00fctze die Veranstaltung ebenso wie der Musikverein K\u00fclsheim beim Aufstellen selbst und die Lehrerband \u201ePage\u201c, welche anschlie\u00dfend zur Unterhaltung aufspiele.<\/p>\n<\/article>\n<\/aside>\n<aside class=\"nfy-placeholder nfy-placeholder-ad\">\n<div class=\"nfy-ad nfy-ad-gap\">\n<div class=\"nfy-ad-wrapper\">\n<div id=\"traffective-ad-HalfpageAd\" class=\"nfy-ad-unit HalfpageAd\" data-google-query-id=\"CLqSpaXrxtwCFQSwewod22UOcQ\"><span style=\"font-size: 10.72px; font-weight: bold;\">\u00a9\u00a0Hans-Peter Wagner<\/span><\/div>\n<div data-google-query-id=\"CLqSpaXrxtwCFQSwewod22UOcQ\"><\/div>\n<div data-google-query-id=\"CLqSpaXrxtwCFQSwewod22UOcQ\"><div id=\"grid-gallery-86-29106\" data-gg-id=\"86\" data-title=\"Maibaumaufstellen 2018\" data-grid-type=\"0\" data-offset=\"5.3\" data-area-position=\"center\" data-icons=\"false\" data-preloader=\"true\" data-width=\"215\" data-height=\"215\" data-padding=\"0\" data-quicksand=\"disabled\" data-quicksand-duration=\"1800\" data-popup-theme=\"theme_6\" data-popup-type=\"pretty-photo\" data-popup-image-text=\"data-description\" data-popup-widthsize=\"auto\" data-popup-heightsize=\"auto\" data-popup-i18n-words=\"{&quot;close&quot;:&quot;close&quot;,&quot;next&quot;:&quot;next&quot;,&quot;previous&quot;:&quot;previous&quot;,&quot;start_slideshow&quot;:&quot;start slideshow&quot;,&quot;stop_slideshow&quot;:&quot;stop slideshow&quot;,&quot;image&quot;:&quot;image&quot;,&quot;of&quot;:&quot;of&quot;,&quot;prev&quot;:&quot;prev&quot;,&quot;cExpand&quot;:&quot;Expand&quot;,&quot;cPrevious&quot;:&quot;Previous&quot;,&quot;cNext&quot;:&quot;Next&quot;,&quot;cExpandStr&quot;:&quot;Expand the image&quot;,&quot;cRotate&quot;:&quot;Rotate&quot;,&quot;cDetails&quot;:&quot;Details&quot;}\" data-popup-slideshow=\"false\" data-popup-slideshow-speed=\"2500\" data-popup-hoverstop=\"true\" data-popup-slideshow-auto=\"false\" data-popup-background=\"\" data-popup-transparency=\"30\" data-popup-disable-history=\"\" data-popup-disable-changed-url=\"\" data-popup-border-type=\"\" data-popup-border-color=\"\" data-popup-border-width=\"\" data-popup-border-enable=\"\" data-fullscreen=\"false\" data-hide-tooltip=\"false\" data-caption-font-family=\"Default\" data-caption-text-size=\"140\" data-is-mobile=\"0\" data-caption-mobile=\"false\" data-hide-long-tltp-title=\"0\" data-caption-disabled-on-mobile=\"false\" data-lazyload-enable='1' data-lazyload-effect=\"show\" data-lazyload-effect-duration=\"400\" data-popup-placement-type=\"0\" data-social-sharing=\"{&quot;enabled&quot;:&quot;&quot;,&quot;gallerySharing&quot;:{&quot;enabled&quot;:null,&quot;position&quot;:null},&quot;imageSharing&quot;:{&quot;enabled&quot;:null,&quot;wrapperClass&quot;:&quot; vertical &quot;},&quot;popupSharing&quot;:{&quot;enabled&quot;:null,&quot;wrapperClass&quot;:&quot; vertical &quot;}}\" class=\"grid-gallery grid-gallery-fixed \" style=\" width:100%; height:auto; margin-left:auto; margin-right:auto;position:relative;\"> <div class=\"gallery-loading\"> <div class=\"blocks\"> <div class=\"block\"><\/div> <div class=\"block\"><\/div> <div class=\"block\"><\/div> <div class=\"block\"><\/div> <\/div> <\/div> <div class=\"gallery-sharing-top\"><\/div> <div id=\"photos-86\" class=\"grid-gallery-photos\"><a id=\"gg-86-5447\" class=\"gg-link \" data-attachment-id=\"6562\" href=\"https:\/\/www.brunnenputzer.de\/wordpress\/wp-content\/uploads\/2018\/07\/Scheck...-Maibaum-2018.jpg?gid=86\" target=\"_self\" title=\"Scheck... Maibaum 2018\" data-rel=\"prettyPhoto[pp_gal]\" style=\"border-radius:00;\" ><FIGURE class=\"grid-gallery-caption\" data-grid-gallery-type=\"quarter-slide-up\" data-index=\"0\" style=\"display:none;border-radius:00;; margin:5.3px; width:2150;\" ><div class=\"crop\" style=\" width:2150; height:2150; overflow:hidden;\"><img decoding=\"async\" data-gg-real-image-href=\"http:\/\/www.brunnenputzer.de\/wordpress\/wp-content\/uploads\/2018\/07\/Scheck...-Maibaum-2018-215x215.jpg\" src=\"\" class=\"ggImg ggLazyImg\" alt=\"Scheck... Maibaum 2018\" title=\"Scheck... Maibaum 2018\" data-description=\"Scheck... Maibaum 2018\" data-caption=\"Scheck... Maibaum 2018\" data-title=\"Scheck... Maibaum 2018\" style=\" width:215px; height:215px;\" \/><\/div><FIGCAPTION class=\"\" data-alpha=\"5\" style=\"color:#ffffff; background-color:#6f0000; font-size:140; text-align:2; font-family:Default;\" ><div class=\"grid-gallery-figcaption-wrap\" style=\" vertical-align:;\"><\/div><\/FIGCAPTION><\/FIGURE><\/a> <div class=\"grid-gallery-clearfix\"><\/div> <\/div> <div class=\"gallery-sharing-bottom\"><\/div> <div class=\"grid-gallery-clearfix\"><\/div> <\/div> <!-- Gallery by Supsystic plugin1.15.16 --><a title=\"Gallery Wordpress\" style=\"display:none;\" href=\"https:\/\/supsystic.com\/plugins\/photo-gallery\/?utm_medium=love_link\" target=\"_blank\">Gallery Wordpress<\/a><\/div>\n<div data-google-query-id=\"CLqSpaXrxtwCFQSwewod22UOcQ\"><\/div>\n<\/div>\n<\/div>\n<\/aside>\n","protected":false},"excerpt":{"rendered":"<p>Das Bild zeigt (von links) Stephan Lange, Rektor Udo M\u00fcller und Cornel Schreck. Die Fastnachtsgesellschaft Brunnenputzer K\u00fclsheim \u00fcbergab nun einen Scheck in H\u00f6he von 1000 Euro an die Pater-Alois-Grimm-Schule. Der Betrag kam zustande aus dem Abend rund um das Aufstellen des Maibaums am letzten Tag des Aprils. Stephan Lange und Cornel Schreck von den \u201eBrunnenputzern\u201c [&hellip;]<\/p>\n","protected":false},"author":2,"featured_media":0,"parent":0,"menu_order":0,"comment_status":"closed","ping_status":"closed","template":"","meta":{"footnotes":""},"class_list":["post-6566","page","type-page","status-publish","hentry"],"jetpack_sharing_enabled":true,"_links":{"self":[{"href":"https:\/\/www.brunnenputzer.de\/wordpress\/wp-json\/wp\/v2\/pages\/6566","targetHints":{"allow":["GET"]}}],"collection":[{"href":"https:\/\/www.brunnenputzer.de\/wordpress\/wp-json\/wp\/v2\/pages"}],"about":[{"href":"https:\/\/www.brunnenputzer.de\/wordpress\/wp-json\/wp\/v2\/types\/page"}],"author":[{"embeddable":true,"href":"https:\/\/www.brunnenputzer.de\/wordpress\/wp-json\/wp\/v2\/users\/2"}],"replies":[{"embeddable":true,"href":"https:\/\/www.brunnenputzer.de\/wordpress\/wp-json\/wp\/v2\/comments?post=6566"}],"version-history":[{"count":4,"href":"https:\/\/www.brunnenputzer.de\/wordpress\/wp-json\/wp\/v2\/pages\/6566\/revisions"}],"predecessor-version":[{"id":6574,"href":"https:\/\/www.brunnenputzer.de\/wordpress\/wp-json\/wp\/v2\/pages\/6566\/revisions\/6574"}],"wp:attachment":[{"href":"https:\/\/www.brunnenputzer.de\/wordpress\/wp-json\/wp\/v2\/media?parent=6566"}],"curies":[{"name":"wp","href":"https:\/\/api.w.org\/{rel}","templated":true}]}}