{"id":6498,"date":"2018-07-07T14:23:34","date_gmt":"2018-07-07T12:23:34","guid":{"rendered":"http:\/\/www.brunnenputzer.de\/wordpress\/?page_id=6498"},"modified":"2018-11-13T17:45:03","modified_gmt":"2018-11-13T16:45:03","slug":"datenschutz","status":"publish","type":"page","link":"https:\/\/www.brunnenputzer.de\/wordpress\/impressum\/datenschutz\/","title":{"rendered":"Datenschutz"},"content":{"rendered":"<p><strong>Datenschutz<\/strong><\/p>\n<p>Wir, die Fastnachtsgesellschaft K\u00fclsheimer Brunnenputzer e.V. nehmen den Schutz Ihrer pers\u00f6nlichen Daten sehr ernst und halten uns strikt an die Regeln der Datenschutzgesetze. Personenbezogene Daten werden auf dieser Webseite nur im technisch notwendigen Umfang erhoben. In keinem Fall werden die erhobenen Daten verkauft oder aus anderen Gr\u00fcnden an Dritte weitergegeben.<\/p>\n<p>Die nachfolgende Erkl\u00e4rung gibt Ihnen einen \u00dcberblick dar\u00fcber, wie wir diesen Schutz gew\u00e4hrleisten und welche Art von Daten zu welchem Zweck erhoben werden.<\/p>\n<p><strong>Datenverarbeitung auf dieser Internetseite<\/strong><\/p>\n<p>Der Provider der Seiten erhebt und speichert automatisch Informationen in so genannten Server Log Files, die Ihr Browser an uns \u00fcbermittelt. Dies sind:<\/p>\n<p>&#8211; Browsertyp \/ -version<br \/>\n&#8211; Verwendetes Betriebssystem<br \/>\n&#8211; Referrer\u00a0URL\u00a0(die zuvor besuchte Seite)<br \/>\n&#8211; Hostname des zugreifenden Rechners (IP Adresse)<br \/>\n&#8211; Uhrzeit der Serveranfrage<\/p>\n<p>Diese Daten sind f\u00fcr die FG K\u00fclsheimer Brunnenputzer nicht bestimmten Personen zuordenbar. Eine Zusammenf\u00fchrung dieser Daten mit anderen Datenquellen wird nicht vorgenommen, die Daten werden zudem nach einer statistischen Auswertung gel\u00f6scht.<\/p>\n<p>Cookies<br \/>\nDie Internetseiten verwenden an manchen Stellen so genannte Cookies. Sie dienen dazu, unser Angebot nutzerfreundlicher, effektiver und sicherer zu machen. Cookies sind kleine Textdateien, die auf Ihrem Rechner abgelegt werden und die Ihr Browser speichert. Die meisten der von uns verwendeten Cookies sind so genannte \u201eSession-Cookies\u201c. Sie werden nach Ende Ihres Besuchs automatisch gel\u00f6scht. Cookies richten auf Ihrem Rechner keinen Schaden an und enthalten keine Viren. Sie k\u00f6nnen Ihren Browser so einstellen, dass Sie \u00fcber das Setzen von Cookies informiert werden und Cookies nur im Einzelfall erlauben, die Annahme von Cookies f\u00fcr bestimmte F\u00e4lle oder generell ausschlie\u00dfen, sowie das automatische L\u00f6schen der Cookies beim Schlie\u00dfen des Browser aktivieren. Bei der Deaktivierung von Cookies kann die Funktionalit\u00e4t dieser Website eingeschr\u00e4nkt sein.<\/p>\n<p>Auskunftsrecht<br \/>\nSie haben jederzeit das Recht auf Auskunft \u00fcber die bez\u00fcglich Ihrer Person gespeicherten Daten, deren Herkunft und Empf\u00e4nger und den Zweck der Datenverarbeitung und ggf. ein Recht auf Berichtigung, Sperrung oder L\u00f6schung dieser Daten. Hierzu sowie zu weiteren Fragen zum Thema personenbezogene Daten k\u00f6nnen Sie sich unter der im Impressum angegebenen Adresse an uns wenden.<\/p>\n<p>&nbsp;<\/p>\n<p><strong>\u00a0<\/strong><strong>Datenschutz\/Pers\u00f6nlichkeitsrechte<\/strong><\/p>\n<ol>\n<li>\u00a0Der Verein erhebt, verarbeitet und nutzt personenbezogene Daten seiner Mitglieder (Einzelangaben \u00fcber pers\u00f6nliche und sachliche Verh\u00e4ltnisse) unter Einsatz von Datenverarbeitungsanlagen (EDV) zur Erf\u00fcllung der gem\u00e4\u00df dieser Satzung zul\u00e4ssigen Zwecke und Aufgaben, beispielsweise im Rahmen der Mitgliederverwaltung. Hierbei handelt es sich insbesondere um folgende Mitgliederdaten: Name und Anschrift, Bankverbindung, Telefonnummern (Festnetz und Funk), sowie E-Mail-Adresse, Geburtsdatum und Funktion(en) im Verein. Jedem Vereinsmitglied wird dabei eine Mitgliedsnummer zugeordnet.2. Als Mitglied des Narrenringe Main-Neckar, Bund Deutscher Karneval und evtl. zuk\u00fcnftiger Verb\u00e4nde, ist der Verein verpflichtet, bestimmte personenbezogene Daten dorthin zu melden. \u00dcbermittelt werden an diese z.B. Namen und Alter der Mitglieder, Namen der Vereinsleitungsmitglieder mit Funktion, Anschrift, Telefonnummern und E-Mail Adresse.<\/li>\n<li>\u00a0Der Verein hat Versicherungen abgeschlossen oder schlie\u00dft solche ab, aus denen er und\/oder seine Mitglieder Leistungen beziehen k\u00f6nnen. Soweit dies zur Begr\u00fcndung, Durchf\u00fchrung oder Beendigung dieser Vertr\u00e4ge erforderlich ist, \u00fcbermittelt der Verein personenbezogene Daten seiner Mitglieder (Name, Adresse, Geburtsdatum oder Alter, Funktion(en) im Verein, etc.) an das zu- st\u00e4ndige Versicherungsunternehmen. Der Verein stellt hierbei vertraglich sicher, dass der Empf\u00e4nger die Daten ausschlie\u00dflich dem \u00dcbermittlungszweck gem\u00e4\u00df verwendet.<\/li>\n<li>\u00a0Im Zusammenhang mit der F\u00f6rderung des karnevalistischen Brauchtums, sowie sonstigen satzungsgem\u00e4\u00dfen Veranstaltungen ver\u00f6ffentlicht der Verein personenbezogene Daten und Fotos seiner Mitglieder u.a. in seiner Vereinszeitung, Vereinsflyer, am schwarzen Brett, sowie auf seiner Homepage und \u00fcbermittelt Daten und Fotos zur Ver\u00f6ffentlichung an Print- und Telemedien, sowie elektronische Medien. Dies betrifft insbesondere Teilnehmerlisten, Namenslisten der einzelnen Garden, Ergebnisse, Wahlergebnisse, sowie bei sportlichen oder sonstigen Veranstaltungen anwesende Vereinsleitungsmitglieder und sonstige Funktion\u00e4re. Die Ver\u00f6ffentlichung\/\u00dcbermittelung von Daten beschr\u00e4nkt sich hierbei auf Name, Vereins- und Gruppenzugeh\u00f6rigkeit, Funktion im Verein und, soweit aus sportlichen Gr\u00fcnden (z.B. Einteilung in Altersklassen) erforderlich, Alter oder Geburtsjahrgang. Ein Mitglied kann jederzeit gegen\u00fcber der Vereinsleitung der Ver\u00f6ffentlichung von Einzelfotos seiner Person widersprechen. Ab Zugang des Widerspruchs unterbleibt die Ver\u00f6ffentlichung\/\u00dcbermittelung und der Verein entfernt vorhandene Fotos von seiner Homepage.<\/li>\n<li>\u00a0In seiner Vereinszeitung, Vereinsflyern, am schwarzen Brett, sowie auf seiner Homepage berichtet der Verein auch evtl. \u00fcber Ehrungen, Jubil\u00e4um, Hochzeit, Geburt, besondere Erfolge und Ereignisse, sowie Geburtstage seiner Mitglieder. Hierbei k\u00f6nnen Fotos von Mitgliedern und folgende personenbezogene Mitgliederdaten ver\u00f6ffentlicht werden: Name, Vereinszugeh\u00f6rigkeit und Dauer, Funktion im Verein und &#8211; soweit erforderlich &#8211; Alter, Geburtsjahrgang oder Geburtstag. Berichte \u00fcber Ehrungen nebst Fotos darf der Verein &#8211; unter Meldung von Name, Funktion im Verein, Vereinszugeh\u00f6rigkeit und deren Dauer &#8211; auch an andere Print- und Telemedien sowie elektronische Medien \u00fcbermitteln. Im Hinblick auf Ehrungen und Geburtstage kann das betroffene Mitglied jederzeit gegen\u00fcber der Vereinsleitung der Ver\u00f6ffentlichung\/\u00dcbermittelung von Einzelfotos, sowie seiner personenbezogenen Daten allgemein oder f\u00fcr einzelne Ereignisse widersprechen. Der Verein informiert das Mitglied rechtzeitig \u00fcber eine beabsichtigte Ver\u00f6ffentlichung\/\u00dcbermittelung in diesem Bereich und teilt hierbei auch mit, bis zu welchem Zeitpunkt ein Widerspruch erfolgen kann. Wird der Widerspruch fristgem\u00e4\u00df ausge\u00fcbt, unterbleibt die Ver\u00f6ffentlichung\/\u00dcbermittelung. Andernfalls entfernt der Verein Daten und Einzelfotos des widersprechenden Mitglieds von seiner Homepage und verzichtet auf k\u00fcnftige Ver\u00f6ffentlichungen\/\u00dcbermittlungen.<\/li>\n<li>\u00a0Mitgliederlisten werden als Datei oder in gedruckter Form soweit an Funktionstr\u00e4ger des Vereins, herausgegeben, wie deren Funktion oder besondere Aufgabenstellung im Verein die Kenntnisnahme erfordern. Macht ein Mitglied glaubhaft, dass es die Mitgliederliste zur Wahrnehmung seiner satzungsgem\u00e4\u00dfen Rechte (z.B. Minderheitenrechte) ben\u00f6tigt, wird ihm eine gedruckte Kopie der notwendigen Daten gegen schriftliche Versicherung ausgeh\u00e4ndigt, dass Namen, Adressen und sonstige Daten nicht zu anderen Zwecken Verwendung finden und die erhaltenen Daten, so- bald deren Zweck erf\u00fcllt ist, zur\u00fcckgegeben, vernichtet oder gel\u00f6scht werden. Mitgliedern der einzelnen Altersgruppen k\u00f6nnen Telefonlisten, bzw. Adresslisten, unter Angabe von Name, Adresse, Geburtsdatum, Telefonnummer und E- Mail-Adresse zur besseren Kommunikation untereinander ausgeh\u00e4ndigt werden.<\/li>\n<li>\u00a0Jedes Mitglied hat im Rahmen der gesetzlichen Vorschriften des Bundesdatenschutzgesetzes (insbesondere \u00a7\u00a7 34, 35) das Recht auf Auskunft \u00fcber die zu seiner Person gespeicherten Daten, deren Empf\u00e4nger und den Zweck der Speicherung sowie auf Berichtigung, L\u00f6schung oder Sperrung seiner Daten.<\/li>\n<li>\u00a0Durch ihre Mitgliedschaft und die damit verbundene Anerkennung dieser Ausf\u00fchrungen stimmen die Mitglieder der Erhebung, Verarbeitung (Speicherung, Ver\u00e4nderung, \u00dcbermittlung) und Nutzung ihrer personenbezogenen Daten in dem vorgenannten Ausma\u00df und Umfang zu. Eine anderweitige, \u00dcber die Erf\u00fcllung seiner satzungsgem\u00e4\u00dfen Aufgaben und Zwecke hinausgehende Datenverarbeitung oder Nutzung (z.B. zu Werbezwecken) ist dem Verein nur erlaubt, so- fern er aus gesetzlichen Gr\u00fcnden hierzu verpflichtet ist oder das Mitglied eingewilligt hat. Ein Datenverkauf ist nicht statthaft.<\/li>\n<\/ol>\n<p>&nbsp;<\/p>\n<p><strong>Facebook- Plugins (Like-Button)<\/strong><\/p>\n<p>Auf unseren Seiten sind Plugins des sozialen Netzwerks Facebook, Anbieter Facebook Inc., 1 Hacker Way, Menlo Park, California 94025, USA, integriert. Die Facebook- Plugins erkennen Sie an dem Facebook-Logo oder dem \u201eLike-Button\u201c (\u201eGef\u00e4llt mir\u201c) auf unserer Seite. Eine \u00fcbersicht \u00fcber die Facebook-Plugins finden Sie hier: <a href=\"https:\/\/deref-web-02.de\/mail\/client\/i4msALEKJQU\/dereferrer\/?redirectUrl=https%3A%2F%2Fdevelopers.facebook.com%2Fdocs%2Fplugins%2F\">https:\/\/developers.facebook.com\/docs\/plugins\/<\/a>.<br \/>\nWenn Sie unsere Seiten besuchen, wird \u00fcber das Plugin eine direkte Verbindung zwischen Ihrem Browser und dem Facebook-Server hergestellt. Facebook erh\u00e4lt dadurch die Information, dass Sie mit Ihrer IPAdresse unsere Seite besucht haben. Wenn Sie den Facebook \u201eLike-Button\u201c anklicken w\u00e4hrend Sie in Ihrem Facebook-Account eingeloggt sind, k\u00f6nnen Sie die Inhalte unserer Seiten auf Ihrem Facebook-Profil verlinken. Dadurch kann Facebook den Besuch unserer Seiten Ihrem Benutzerkonto zuordnen. Wir weisen darauf hin, dass wir als Anbieter der Seiten keine Kenntnis vom Inhalt der \u00fcbermittelten Daten sowie deren Nutzung durch Facebook erhalten.<\/p>\n<p>Weitere Informationen hierzu finden Sie in der Datenschutzerkl\u00e4rung von Facebook unter <a href=\"https:\/\/deref-web-02.de\/mail\/client\/ciRssgtdwm4\/dereferrer\/?redirectUrl=https%3A%2F%2Fde-de.facebook.com%2Fpolicy.php\">https:\/\/de-de.facebook.com\/policy.php<\/a>.<br \/>\nWenn Sie nicht w\u00fcnschen, dass Facebook den Besuch unserer Seiten Ihrem Facebook-Nutzerkonto zuordnen kann, loggen Sie sich bitte aus Ihrem Facebook-Benutzerkonto aus.<\/p>\n<p>&nbsp;<\/p>\n<p>&nbsp;<\/p>\n","protected":false},"excerpt":{"rendered":"<p>Datenschutz Wir, die Fastnachtsgesellschaft K\u00fclsheimer Brunnenputzer e.V. nehmen den Schutz Ihrer pers\u00f6nlichen Daten sehr ernst und halten uns strikt an die Regeln der Datenschutzgesetze. Personenbezogene Daten werden auf dieser Webseite nur im technisch notwendigen Umfang erhoben. In keinem Fall werden die erhobenen Daten verkauft oder aus anderen Gr\u00fcnden an Dritte weitergegeben. Die nachfolgende Erkl\u00e4rung gibt [&hellip;]<\/p>\n","protected":false},"author":2,"featured_media":0,"parent":100,"menu_order":0,"comment_status":"closed","ping_status":"closed","template":"","meta":{"footnotes":""},"class_list":["post-6498","page","type-page","status-publish","hentry"],"jetpack_sharing_enabled":true,"_links":{"self":[{"href":"https:\/\/www.brunnenputzer.de\/wordpress\/wp-json\/wp\/v2\/pages\/6498","targetHints":{"allow":["GET"]}}],"collection":[{"href":"https:\/\/www.brunnenputzer.de\/wordpress\/wp-json\/wp\/v2\/pages"}],"about":[{"href":"https:\/\/www.brunnenputzer.de\/wordpress\/wp-json\/wp\/v2\/types\/page"}],"author":[{"embeddable":true,"href":"https:\/\/www.brunnenputzer.de\/wordpress\/wp-json\/wp\/v2\/users\/2"}],"replies":[{"embeddable":true,"href":"https:\/\/www.brunnenputzer.de\/wordpress\/wp-json\/wp\/v2\/comments?post=6498"}],"version-history":[{"count":6,"href":"https:\/\/www.brunnenputzer.de\/wordpress\/wp-json\/wp\/v2\/pages\/6498\/revisions"}],"predecessor-version":[{"id":6774,"href":"https:\/\/www.brunnenputzer.de\/wordpress\/wp-json\/wp\/v2\/pages\/6498\/revisions\/6774"}],"up":[{"embeddable":true,"href":"https:\/\/www.brunnenputzer.de\/wordpress\/wp-json\/wp\/v2\/pages\/100"}],"wp:attachment":[{"href":"https:\/\/www.brunnenputzer.de\/wordpress\/wp-json\/wp\/v2\/media?parent=6498"}],"curies":[{"name":"wp","href":"https:\/\/api.w.org\/{rel}","templated":true}]}}