{"id":39,"date":"2018-06-06T14:01:46","date_gmt":"2018-06-06T12:01:46","guid":{"rendered":"http:\/\/www.brunnenputzer.de\/wordpress\/?page_id=39"},"modified":"2026-02-19T17:50:43","modified_gmt":"2026-02-19T16:50:43","slug":"die-vorstandschaft","status":"publish","type":"page","link":"https:\/\/www.brunnenputzer.de\/wordpress\/der-verein\/die-vorstandschaft\/","title":{"rendered":"Die Vorstandschaft"},"content":{"rendered":"\n<p>im Jubil\u00e4umsjahr 2026<\/p>\n\n\n\n<figure class=\"wp-block-image size-full is-resized\"><img loading=\"lazy\" decoding=\"async\" width=\"2560\" height=\"1707\" src=\"https:\/\/www.brunnenputzer.de\/wordpress\/wp-content\/uploads\/2026\/02\/Jubilaeum-FG-2026_08-scaled.jpg\" alt=\"\" class=\"wp-image-15986\" style=\"aspect-ratio:1.5009219985304294;width:838px;height:auto\" srcset=\"https:\/\/www.brunnenputzer.de\/wordpress\/wp-content\/uploads\/2026\/02\/Jubilaeum-FG-2026_08-scaled.jpg 2560w, https:\/\/www.brunnenputzer.de\/wordpress\/wp-content\/uploads\/2026\/02\/Jubilaeum-FG-2026_08-300x200.jpg 300w, https:\/\/www.brunnenputzer.de\/wordpress\/wp-content\/uploads\/2026\/02\/Jubilaeum-FG-2026_08-1024x683.jpg 1024w, https:\/\/www.brunnenputzer.de\/wordpress\/wp-content\/uploads\/2026\/02\/Jubilaeum-FG-2026_08-768x512.jpg 768w, https:\/\/www.brunnenputzer.de\/wordpress\/wp-content\/uploads\/2026\/02\/Jubilaeum-FG-2026_08-1536x1024.jpg 1536w, https:\/\/www.brunnenputzer.de\/wordpress\/wp-content\/uploads\/2026\/02\/Jubilaeum-FG-2026_08-2048x1365.jpg 2048w, https:\/\/www.brunnenputzer.de\/wordpress\/wp-content\/uploads\/2026\/02\/Jubilaeum-FG-2026_08-618x412.jpg 618w, https:\/\/www.brunnenputzer.de\/wordpress\/wp-content\/uploads\/2026\/02\/Jubilaeum-FG-2026_08-444x296.jpg 444w\" sizes=\"auto, (max-width: 2560px) 100vw, 2560px\" \/><figcaption class=\"wp-element-caption\"><em>von links&#8230;<\/em> Janine Kaserer, Eric Bohnet, Maren Reinhart, Thorsten Nahm, Christian H\u00fcbel, Alex Difloe, Simone Riedl, Lars W\u00f6lfelschneider, Julia Brell, Marco F\u00fcger, Carolin D\u00fcll. <em>Auf dem Bild fehlt Ulli Adelmann<\/em>.<\/figcaption><\/figure>\n\n\n\n<p><\/p>\n\n\n\n<hr class=\"wp-block-separator has-alpha-channel-opacity\"\/>\n\n\n\n<h3 class=\"wp-block-heading\">Seit 2025<\/h3>\n\n\n\n<p><strong>1. Vorstand<\/strong>: Marco F\u00fcger <br><strong>2. Vorstand<\/strong>: Eric Bohnet<br><strong>Schriftf\u00fchrerin<\/strong>: Carolin D\u00fcll<br><strong>Kassiererin<\/strong>: Janine Kaserer<br><strong>Pr\u00e4sident<\/strong>: Alex Difloe<br><strong>Vizepr\u00e4sidentin<\/strong>: Simone Hauck<br><strong>Beisitzer<\/strong>: Ulli Adelmann; Julia Brell; Christian H\u00fcbel; Thorsten Nahm; Maren Reinhart; Lars W\u00f6lfelschneider<\/p>\n\n\n\n<p>In der Jubil\u00e4umskampagne 2026<\/p>\n\n\n\n<hr class=\"wp-block-separator has-alpha-channel-opacity\"\/>\n\n\n\n<p>Seit dem 23.09.2020<\/p>\n\n\n\n<p><strong>1. Vorstand<\/strong>: Marco F\u00fcger <br><strong>2. Vorstand<\/strong>: Eric Bohnet<br><strong>Schriftf\u00fchrerin<\/strong>: Carolin D\u00fcll<br><strong>Kassiererin<\/strong>: Janine Kaserer<br><strong>Pr\u00e4sident<\/strong>: Alex Difloe<br><strong>Vizepr\u00e4sidentin<\/strong>: Simone Hauck<br><strong>Beisitzer<\/strong>: Ulli Adelmann; Ramona Diefenthaler; Julia F\u00fcger; Michaela Grein; Burkhard Krug; Lars W\u00f6lfelschneider<\/p>\n\n\n\n<figure class=\"wp-block-image is-resized\"><img loading=\"lazy\" decoding=\"async\" width=\"681\" height=\"1024\" src=\"https:\/\/www.brunnenputzer.de\/wordpress\/wp-content\/uploads\/2019\/06\/19-FG-Vorstand_03-1-681x1024.jpg\" alt=\"\" class=\"wp-image-8654\" style=\"width:583px;height:auto\" srcset=\"https:\/\/www.brunnenputzer.de\/wordpress\/wp-content\/uploads\/2019\/06\/19-FG-Vorstand_03-1.jpg 681w, https:\/\/www.brunnenputzer.de\/wordpress\/wp-content\/uploads\/2019\/06\/19-FG-Vorstand_03-1-200x300.jpg 200w, https:\/\/www.brunnenputzer.de\/wordpress\/wp-content\/uploads\/2019\/06\/19-FG-Vorstand_03-1-618x929.jpg 618w, https:\/\/www.brunnenputzer.de\/wordpress\/wp-content\/uploads\/2019\/06\/19-FG-Vorstand_03-1-295x444.jpg 295w\" sizes=\"auto, (max-width: 681px) 100vw, 681px\" \/><figcaption class=\"wp-element-caption\">Die Vorstandschaft: Hintere Reihe von links&#8230; Cornel Schreck, Michael Weber, Alex Dilfo\u00e8, Burkhard Krug, Eric Bohnet. Vordere Reihe von links&#8230; Carolin D\u00fcll, Janine Kaserer, Ramona Zirkelbach, Ulli Adelmann, Marco F\u00fcrger.<\/figcaption><\/figure>\n\n\n\n<hr class=\"wp-block-separator has-css-opacity\"\/>\n\n\n\n<figure class=\"wp-block-image\"><img loading=\"lazy\" decoding=\"async\" width=\"860\" height=\"518\" src=\"https:\/\/www.brunnenputzer.de\/wordpress\/wp-content\/uploads\/2019\/06\/Ehrungen-2019.jpg\" alt=\"\" class=\"wp-image-8612\" srcset=\"https:\/\/www.brunnenputzer.de\/wordpress\/wp-content\/uploads\/2019\/06\/Ehrungen-2019.jpg 860w, https:\/\/www.brunnenputzer.de\/wordpress\/wp-content\/uploads\/2019\/06\/Ehrungen-2019-300x181.jpg 300w, https:\/\/www.brunnenputzer.de\/wordpress\/wp-content\/uploads\/2019\/06\/Ehrungen-2019-768x463.jpg 768w, https:\/\/www.brunnenputzer.de\/wordpress\/wp-content\/uploads\/2019\/06\/Ehrungen-2019-618x372.jpg 618w, https:\/\/www.brunnenputzer.de\/wordpress\/wp-content\/uploads\/2019\/06\/Ehrungen-2019-444x267.jpg 444w\" sizes=\"auto, (max-width: 860px) 100vw, 860px\" \/><figcaption class=\"wp-element-caption\">von links\u2026 <br>Sitzungspr\u00e4sident Alex Diflo\u00e9, Ehrenpr\u00e4sident Thomas Hilpert, <br>die Ehrenmitglieder Wolfgang Pahl, J\u00fcrgen Volkert, Werner F\u00fcger, Alfred Stemmler <br>und 1. Vorstand Marco F\u00fcger<\/figcaption><\/figure>\n\n\n\n<hr class=\"wp-block-separator has-css-opacity is-style-default\"\/>\n\n\n\n<figure class=\"wp-block-image\"><img loading=\"lazy\" decoding=\"async\" width=\"847\" height=\"542\" src=\"https:\/\/www.brunnenputzer.de\/wordpress\/wp-content\/uploads\/2019\/06\/Vorstandschaft-2019.jpg\" alt=\"\" class=\"wp-image-8613\" srcset=\"https:\/\/www.brunnenputzer.de\/wordpress\/wp-content\/uploads\/2019\/06\/Vorstandschaft-2019.jpg 847w, https:\/\/www.brunnenputzer.de\/wordpress\/wp-content\/uploads\/2019\/06\/Vorstandschaft-2019-300x192.jpg 300w, https:\/\/www.brunnenputzer.de\/wordpress\/wp-content\/uploads\/2019\/06\/Vorstandschaft-2019-768x491.jpg 768w, https:\/\/www.brunnenputzer.de\/wordpress\/wp-content\/uploads\/2019\/06\/Vorstandschaft-2019-618x395.jpg 618w, https:\/\/www.brunnenputzer.de\/wordpress\/wp-content\/uploads\/2019\/06\/Vorstandschaft-2019-444x284.jpg 444w\" sizes=\"auto, (max-width: 847px) 100vw, 847px\" \/><figcaption class=\"wp-element-caption\">von links&#8230; <br>Reimund Imhof, Alex Diflo\u00e9, Eric Bohnet, Anja Wachter, Larissa Steinbach, Lisa Beierstettel, Werner F\u00fcger, Michael Klapka und Marco F\u00fcger<\/figcaption><\/figure>\n\n\n\n<hr class=\"wp-block-separator has-css-opacity is-style-wide\"\/>\n\n\n<p>Seit dem 20.04.2018<\/p>\n<p><strong>1. Vorstand<\/strong>: Michael Klapka<br \/><strong>2. Vorstand<\/strong>: Marco F\u00fcger<br \/><strong>Schriftf\u00fchrerin<\/strong>: Carolin D\u00fcll<br \/><strong>Kassiererin<\/strong>: Janine Kaserer<br \/><strong>Pr\u00e4sident<\/strong>: Alex Difloe<br \/><strong>Vizepr\u00e4sidentin<\/strong>: Simone Hauck<br \/><strong>Beisitzer<\/strong>: Ulli Adelmann; Michaela Grein; Reimund Imhof; Cornel Schreck; Michael Weber; Ramona Zirkelbach<\/p>\n<hr>\n<p>Im April 2016<\/p>\n<p><img loading=\"lazy\" decoding=\"async\" class=\"size-full wp-image-172 alignnone\" src=\"https:\/\/www.brunnenputzer.de\/wordpress\/wp-content\/uploads\/2018\/06\/vorstandschaft_dsc_0241.png\" alt=\"\" width=\"650\" height=\"432\" srcset=\"https:\/\/www.brunnenputzer.de\/wordpress\/wp-content\/uploads\/2018\/06\/vorstandschaft_dsc_0241.png 650w, https:\/\/www.brunnenputzer.de\/wordpress\/wp-content\/uploads\/2018\/06\/vorstandschaft_dsc_0241-300x199.png 300w, https:\/\/www.brunnenputzer.de\/wordpress\/wp-content\/uploads\/2018\/06\/vorstandschaft_dsc_0241-618x411.png 618w, https:\/\/www.brunnenputzer.de\/wordpress\/wp-content\/uploads\/2018\/06\/vorstandschaft_dsc_0241-444x295.png 444w\" sizes=\"auto, (max-width: 650px) 100vw, 650px\" \/><br \/><em>auf dem Bild hinten links<\/em><br \/><strong>Beisitzer<\/strong>: Micheal Weber; Thomas Ries; Cornel Schreck<br \/><em>vorne links<\/em><br \/><strong>Pr\u00e4sident<\/strong>: Alex Difloe <strong>ehemaliger Beisitzer<\/strong>: Bertram Grein <strong>ehemaliger 1. Vorstand<\/strong>: Michael Grimm <strong>Schriftf\u00fchrerin<\/strong>: Maren Flegler<\/p>\n<hr>\n<p>Im April 2015<\/p>\n<p><img loading=\"lazy\" decoding=\"async\" class=\"size-full wp-image-173 alignnone\" src=\"https:\/\/www.brunnenputzer.de\/wordpress\/wp-content\/uploads\/2018\/06\/vorstandschaft_jahreshauptversammlung2015_5_.png\" alt=\"\" width=\"650\" height=\"426\" srcset=\"https:\/\/www.brunnenputzer.de\/wordpress\/wp-content\/uploads\/2018\/06\/vorstandschaft_jahreshauptversammlung2015_5_.png 650w, https:\/\/www.brunnenputzer.de\/wordpress\/wp-content\/uploads\/2018\/06\/vorstandschaft_jahreshauptversammlung2015_5_-300x197.png 300w, https:\/\/www.brunnenputzer.de\/wordpress\/wp-content\/uploads\/2018\/06\/vorstandschaft_jahreshauptversammlung2015_5_-618x405.png 618w, https:\/\/www.brunnenputzer.de\/wordpress\/wp-content\/uploads\/2018\/06\/vorstandschaft_jahreshauptversammlung2015_5_-444x291.png 444w\" sizes=\"auto, (max-width: 650px) 100vw, 650px\" \/><br \/><em>auf dem Bild hinten links<\/em><br \/><strong>Pr\u00e4sident<\/strong>: Alex Difloe <strong>Beisitzer<\/strong>: Reimund Imhof <strong>2. Vorstand<\/strong>: Dieter Zirkelbach <strong>Beisitzer<\/strong>: Thomas Hilpert<br \/><em>vorne links<\/em><br \/><strong>Kassiererin<\/strong>: Janine Kaserer <strong>Beisitzerin<\/strong>: Ulli Adelmann <strong>1. Vorstand<\/strong>: Michael Grimm<\/p>\n<hr>\n<p>&#8230;in der Jubil\u00e4umskampagne 2014\/2015<\/p>\n<p><img loading=\"lazy\" decoding=\"async\" class=\"alignnone size-full wp-image-171\" src=\"https:\/\/www.brunnenputzer.de\/wordpress\/wp-content\/uploads\/2018\/06\/vorstandschaft_vorstandschaft_05.png\" alt=\"\" width=\"650\" height=\"433\" srcset=\"https:\/\/www.brunnenputzer.de\/wordpress\/wp-content\/uploads\/2018\/06\/vorstandschaft_vorstandschaft_05.png 650w, https:\/\/www.brunnenputzer.de\/wordpress\/wp-content\/uploads\/2018\/06\/vorstandschaft_vorstandschaft_05-300x200.png 300w, https:\/\/www.brunnenputzer.de\/wordpress\/wp-content\/uploads\/2018\/06\/vorstandschaft_vorstandschaft_05-618x412.png 618w, https:\/\/www.brunnenputzer.de\/wordpress\/wp-content\/uploads\/2018\/06\/vorstandschaft_vorstandschaft_05-444x296.png 444w\" sizes=\"auto, (max-width: 650px) 100vw, 650px\" \/><br \/><strong>1. Vorstand<\/strong>: Michael Grimm <strong>2. Vorstand<\/strong>: Larissa Steinbach<br \/><strong>Pr\u00e4sident<\/strong>: Dieter Zirkelbach <strong>Vizepr\u00e4sidentin<\/strong>: Simone Hauck<br \/><strong>Schriftf\u00fchrerin<\/strong>: Maren Flegler <strong>Kassiererin<\/strong>: Janine Kaserer<br \/><strong>Beisitzer<\/strong>: Sabine Klein; Thomas Hilpert; Cornel Schreck; Reimund Imhof; Bertram Grein<br \/>Thomas Ries <em>(fehlt auf dem Bild)<\/em><\/p>\n<\/p>","protected":false},"excerpt":{"rendered":"<p>im Jubil\u00e4umsjahr 2026 Seit 2025 1. Vorstand: Marco F\u00fcger 2. Vorstand: Eric BohnetSchriftf\u00fchrerin: Carolin D\u00fcllKassiererin: Janine KasererPr\u00e4sident: Alex DifloeVizepr\u00e4sidentin: Simone HauckBeisitzer: Ulli Adelmann; Julia Brell; Christian H\u00fcbel; Thorsten Nahm; Maren Reinhart; Lars W\u00f6lfelschneider In der Jubil\u00e4umskampagne 2026 Seit dem 23.09.2020 1. Vorstand: Marco F\u00fcger 2. Vorstand: Eric BohnetSchriftf\u00fchrerin: Carolin D\u00fcllKassiererin: Janine KasererPr\u00e4sident: Alex DifloeVizepr\u00e4sidentin: Simone [&hellip;]<\/p>\n","protected":false},"author":1,"featured_media":0,"parent":34,"menu_order":0,"comment_status":"closed","ping_status":"closed","template":"","meta":{"footnotes":""},"class_list":["post-39","page","type-page","status-publish","hentry"],"jetpack_sharing_enabled":true,"_links":{"self":[{"href":"https:\/\/www.brunnenputzer.de\/wordpress\/wp-json\/wp\/v2\/pages\/39","targetHints":{"allow":["GET"]}}],"collection":[{"href":"https:\/\/www.brunnenputzer.de\/wordpress\/wp-json\/wp\/v2\/pages"}],"about":[{"href":"https:\/\/www.brunnenputzer.de\/wordpress\/wp-json\/wp\/v2\/types\/page"}],"author":[{"embeddable":true,"href":"https:\/\/www.brunnenputzer.de\/wordpress\/wp-json\/wp\/v2\/users\/1"}],"replies":[{"embeddable":true,"href":"https:\/\/www.brunnenputzer.de\/wordpress\/wp-json\/wp\/v2\/comments?post=39"}],"version-history":[{"count":24,"href":"https:\/\/www.brunnenputzer.de\/wordpress\/wp-json\/wp\/v2\/pages\/39\/revisions"}],"predecessor-version":[{"id":15988,"href":"https:\/\/www.brunnenputzer.de\/wordpress\/wp-json\/wp\/v2\/pages\/39\/revisions\/15988"}],"up":[{"embeddable":true,"href":"https:\/\/www.brunnenputzer.de\/wordpress\/wp-json\/wp\/v2\/pages\/34"}],"wp:attachment":[{"href":"https:\/\/www.brunnenputzer.de\/wordpress\/wp-json\/wp\/v2\/media?parent=39"}],"curies":[{"name":"wp","href":"https:\/\/api.w.org\/{rel}","templated":true}]}}