{"id":37,"date":"2018-06-06T14:01:20","date_gmt":"2018-06-06T12:01:20","guid":{"rendered":"http:\/\/www.brunnenputzer.de\/wordpress\/?page_id=37"},"modified":"2026-01-22T08:53:03","modified_gmt":"2026-01-22T07:53:03","slug":"chronologie","status":"publish","type":"page","link":"https:\/\/www.brunnenputzer.de\/wordpress\/der-verein\/chronologie\/","title":{"rendered":"Chronologie"},"content":{"rendered":"<p><em><strong>K\u00fclsheimer Brunnenputzer<\/strong><\/em><\/p>\n<p><img loading=\"lazy\" decoding=\"async\" class=\"alignleft size-full wp-image-164\" src=\"https:\/\/www.brunnenputzer.de\/wordpress\/wp-content\/uploads\/2018\/06\/brunnenputzer_traditionell_2.png\" alt=\"\" width=\"200\" height=\"343\" srcset=\"https:\/\/www.brunnenputzer.de\/wordpress\/wp-content\/uploads\/2018\/06\/brunnenputzer_traditionell_2.png 200w, https:\/\/www.brunnenputzer.de\/wordpress\/wp-content\/uploads\/2018\/06\/brunnenputzer_traditionell_2-175x300.png 175w\" sizes=\"auto, (max-width: 200px) 100vw, 200px\" \/>Die Fastnachtsgesellschaft (FG) K\u00fclsheimer Brunnenputzer kann mittlerweile auf eine \u00fcber 60-j\u00e4hrige Tradition zur\u00fcckblicken. Was 1949 mit der Stra\u00dfenfastnacht begann, wandelte sich mehr und mehr zur Saalfastnacht. Diese begann im Gasthaus zum Mohren, verlagerte sich in die damalige Festhalle, von dort in das Clubhaus Frankenland (Soldatenheim) und schlie\u00dflich wieder in die umgebaute Festhalle.<br \/>\nMan nahm Jahrzehnte lang an, dass es die organisierte Fastnacht in K\u00fclsheim erst seit 1949 gab. Es tauchten im Jahre 2000 Bilder auf, die belegen dass schon im Jahre 1939 ein Fastnachtsumzug durchgef\u00fchrt wurde. Urkundlich erw\u00e4hnt wurde die K\u00fclsheimer Fastnacht erstmals nach dem 2. Weltkrieg, wo die Gr\u00fcndung der FG K\u00fclsheimer Brunnenputzer mit der Jahreszahl 1949 zu Buche steht, es war damals eine Abteilung des Gewerbe- und Verkehrsvereins. Elf beherzte M\u00e4nner unter der F\u00fchrung eines waschechten Mainzers, genannt \u201eM\u00e4nzer Keller\u201c (Ludwig Keller), gingen am Fastnachtsdienstag 1949 mit dem I. K\u00fclsheimer Fastnachtsumzug auf die Stra\u00dfe. Am Tage zuvor (Rosenmontag) hatte man das K\u00fclsheimer Rathaus gest\u00fcrmt und den damaligen Schultes Karl Seubert entmachtet.<br \/>\nIm Jahr 1966 trat man dem Narrenring Main-Neckar bei, weil es f\u00fcr den Elferrat und die kleine Brunnenputzerschar immer schwieriger wurde Akteure f\u00fcr die B\u00fchne und die B\u00fctt zu mobilisieren. Dieser gro\u00dfe Schritt war f\u00fcr die Zukunft des Vereins sehr wichtig.<\/p>\n<p>Am 20. Januar 1968 fand die Er\u00f6ffnungssitzung des Narrenrings im Soldatenheim statt, das ausverkauft war. Das Interesse der Bev\u00f6lkerung an der K\u00fclsheimer Fastnacht wuchs st\u00e4ndig an, und um der Nachfrage gerecht zu werden wurden einige Jahre sp\u00e4ter schon mehrere Sitzungen abgehalten. 1984 kehrte man in die neu umgebaute und gr\u00f6\u00dfere Festhalle zur\u00fcck in dieser 1986 zum zweiten Mal die Er\u00f6ffnungssitzung des Narrenrings stattfand. Selbst die neue Festhalle war dem Ansturm nicht gewachsen und man war gezwungen bis zum heutigen Tage die Prunksitzung auf zwei Termine zu legen.<\/p>\n<p>In den letzten Jahren wurden die Programme wieder \u00fcberwiegend von einheimischen Fastnachtern gestaltet, wobei das Zusammenwirken mit den Vereinen und Gesellschaften im Narrenring nach wie vor von gro\u00dfer Bedeutung ist.<\/p>\n<p>In den 80iger Jahren hatte man erkannt, dass man dringend Nachwuchs f\u00fcr die K\u00fclsheimer Fastnacht gewinnen musste. So haben sich Mitte der 80iger einige junge M\u00e4nner dem Verein angeschlossen. Mit der Entstehung des MB\u00b4s im Jahr 1987 wurde der Stamm weiter vergr\u00f6\u00dfert, weil viele dieser jungen M\u00e4nner dem Verein beitraten. Als Thomas Hilpert in der Kampagne 88\/89 das Amt des Pr\u00e4sidenten von Horst Pappert \u00fcbernahm und Ulrike Wenz als Schriftf\u00fchrerin 1990 Detlef Radtke abl\u00f6ste, war auch der Nachwuchs in den F\u00fchrungs\u00e4mtern des Vereins vertreten.<\/p>\n<p>Im Jahre 1990 wurde die FG K\u00fclsheimer Brunnenputzer ein eigenst\u00e4ndiger Verein. Dadurch ergab sich eine Losl\u00f6sung vom Gewerbe- und Verkehrsverein, dem man bis dahin als selbstst\u00e4ndige Abteilung angeh\u00f6rte und dem man heute noch eng verbunden ist.<\/p>\n<p>Seit der deutschen Wiedervereinigung pflegen die Brunnenputzer auch Kontakte zu den Fastnachtern aus Taubenheim bei Bautzen (Sachsen). Zum ersten Besuch der Taubenheimer kam es allerdings erst 1992, weil die Sitzung 1991 wegen des Golfkrieges ausfiel. Aus dem sehr guten Verh\u00e4ltnis zu dem Taubenheimern ging auch eine Lebensgemeinschaft mit drei Kindern hervor.<\/p>\n<p>Dass in der K\u00fclsheimer Fastnacht so erstaunlich viel geleistet wurde, ist in erster Linie dem langj\u00e4hrigen I. Vorsitzenden Adolf Stemmler zu verdanken, der \u00fcber 40 Jahre das Narrenschiff der Brunnenputzer sicher um alle Klippen steuerte.<\/p>\n<p>Ab 1993 \u00fcbernahm Fritz Morawietz den Vorsitz<br \/>\nvon 1998 &#8211; 2002 Richard Weber<br \/>\nvon 2002 &#8211; 2008 Thomas Hilpert und<br \/>\nvon 2008 &#8211; 2012 Ralf Dorbath war bis 2012 1. Vorsitzender.<br \/>\nvon 2012 &#8211; 2016 Michael Grimm\u00a0 \u00a0 \u00a0 \u00a0 \u00a0 \u00a0 \u00a0 \u00a0 \u00a0 \u00a0 \u00a0 \u00a0 \u00a0 \u00a0 \u00a0 \u00a0 \u00a0 \u00a0 \u00a0 \u00a0 \u00a0 \u00a0 \u00a0 \u00a0 \u00a0 \u00a0 \u00a0 \u00a0 \u00a0 \u00a0 \u00a0 \u00a0 \u00a0 \u00a0 \u00a0 \u00a0 \u00a0 \u00a0 \u00a0 \u00a0 \u00a0 \u00a0 \u00a0 \u00a0 \u00a0 \u00a0 \u00a0 von 2016 &#8211; 2019 Michael Klappka<\/p>\n<p>Seit dem 22. Mai 2019 steht Marco F\u00fcger als 1. Vorsitzender an der Spitze des Vereins.<\/p>\n<p><strong>Die Pr\u00e4sidenten der FG Brunnenputzer<\/strong><\/p>\n\n<table id=\"tablepress-1\" class=\"tablepress tablepress-id-1\">\n<thead>\n<tr class=\"row-1\">\n\t<th class=\"column-1\">Amtszeit<\/th><th class=\"column-2\">Name<\/th>\n<\/tr>\n<\/thead>\n<tbody class=\"row-striping row-hover\">\n<tr class=\"row-2\">\n\t<td class=\"column-1\">1949<\/td><td class=\"column-2\">Otto R\u00f6sser<\/td>\n<\/tr>\n<tr class=\"row-3\">\n\t<td class=\"column-1\">1950-1952<\/td><td class=\"column-2\">Ludwig Keller<\/td>\n<\/tr>\n<tr class=\"row-4\">\n\t<td class=\"column-1\">1953<\/td><td class=\"column-2\">Albert Haberkorn<\/td>\n<\/tr>\n<tr class=\"row-5\">\n\t<td class=\"column-1\">1954-1965<\/td><td class=\"column-2\">Johannes Fries<\/td>\n<\/tr>\n<tr class=\"row-6\">\n\t<td class=\"column-1\">1966-1967<\/td><td class=\"column-2\">Horst Papert<\/td>\n<\/tr>\n<tr class=\"row-7\">\n\t<td class=\"column-1\">1968-1979<\/td><td class=\"column-2\">J\u00fcrgen Volkert<\/td>\n<\/tr>\n<tr class=\"row-8\">\n\t<td class=\"column-1\">1980-1987<\/td><td class=\"column-2\">Horst Papert<\/td>\n<\/tr>\n<tr class=\"row-9\">\n\t<td class=\"column-1\">1988-1999<\/td><td class=\"column-2\">Thomas Hilpert<\/td>\n<\/tr>\n<tr class=\"row-10\">\n\t<td class=\"column-1\">2000-2005<\/td><td class=\"column-2\">Rudi G\u00e4belein<\/td>\n<\/tr>\n<tr class=\"row-11\">\n\t<td class=\"column-1\">2006-2008<\/td><td class=\"column-2\">Michael Zorn<\/td>\n<\/tr>\n<tr class=\"row-12\">\n\t<td class=\"column-1\">2009<\/td><td class=\"column-2\">Thomas Hilpert &amp; Reimund Imhof<\/td>\n<\/tr>\n<tr class=\"row-13\">\n\t<td class=\"column-1\">2010-2014<\/td><td class=\"column-2\">Dieter Zirkelbach<\/td>\n<\/tr>\n<tr class=\"row-14\">\n\t<td class=\"column-1\">2015-<\/td><td class=\"column-2\">Alex Dilfoe<\/td>\n<\/tr>\n<tr class=\"row-15\">\n\t<td class=\"column-1\"><\/td><td class=\"column-2\"><\/td>\n<\/tr>\n<\/tbody>\n<\/table>\n<!-- #tablepress-1 from cache -->\n","protected":false},"excerpt":{"rendered":"<p>K\u00fclsheimer Brunnenputzer Die Fastnachtsgesellschaft (FG) K\u00fclsheimer Brunnenputzer kann mittlerweile auf eine \u00fcber 60-j\u00e4hrige Tradition zur\u00fcckblicken. Was 1949 mit der Stra\u00dfenfastnacht begann, wandelte sich mehr und mehr zur Saalfastnacht. Diese begann im Gasthaus zum Mohren, verlagerte sich in die damalige Festhalle, von dort in das Clubhaus Frankenland (Soldatenheim) und schlie\u00dflich wieder in die umgebaute Festhalle. Man [&hellip;]<\/p>\n","protected":false},"author":1,"featured_media":0,"parent":34,"menu_order":0,"comment_status":"closed","ping_status":"closed","template":"","meta":{"footnotes":""},"class_list":["post-37","page","type-page","status-publish","hentry"],"jetpack_sharing_enabled":true,"_links":{"self":[{"href":"https:\/\/www.brunnenputzer.de\/wordpress\/wp-json\/wp\/v2\/pages\/37","targetHints":{"allow":["GET"]}}],"collection":[{"href":"https:\/\/www.brunnenputzer.de\/wordpress\/wp-json\/wp\/v2\/pages"}],"about":[{"href":"https:\/\/www.brunnenputzer.de\/wordpress\/wp-json\/wp\/v2\/types\/page"}],"author":[{"embeddable":true,"href":"https:\/\/www.brunnenputzer.de\/wordpress\/wp-json\/wp\/v2\/users\/1"}],"replies":[{"embeddable":true,"href":"https:\/\/www.brunnenputzer.de\/wordpress\/wp-json\/wp\/v2\/comments?post=37"}],"version-history":[{"count":7,"href":"https:\/\/www.brunnenputzer.de\/wordpress\/wp-json\/wp\/v2\/pages\/37\/revisions"}],"predecessor-version":[{"id":15563,"href":"https:\/\/www.brunnenputzer.de\/wordpress\/wp-json\/wp\/v2\/pages\/37\/revisions\/15563"}],"up":[{"embeddable":true,"href":"https:\/\/www.brunnenputzer.de\/wordpress\/wp-json\/wp\/v2\/pages\/34"}],"wp:attachment":[{"href":"https:\/\/www.brunnenputzer.de\/wordpress\/wp-json\/wp\/v2\/media?parent=37"}],"curies":[{"name":"wp","href":"https:\/\/api.w.org\/{rel}","templated":true}]}}