{"id":349,"date":"2018-06-14T12:15:06","date_gmt":"2018-06-14T10:15:06","guid":{"rendered":"http:\/\/www.brunnenputzer.de\/wordpress\/?page_id=349"},"modified":"2018-07-13T15:33:17","modified_gmt":"2018-07-13T13:33:17","slug":"bilder-2015-2","status":"publish","type":"page","link":"https:\/\/www.brunnenputzer.de\/wordpress\/bilder-2015-2\/","title":{"rendered":"Bilder 2015"},"content":{"rendered":"<p><em>Die Bilder wurden vor der Ver\u00f6ffentlichung sorgf\u00e4ltig ausgew\u00e4hlt, solltet ihr dennoch die Entfernung eines Bildes w\u00fcnschen, bitte eine Mail an einen der Webmaster\u00a0<\/em><em>schicken<\/em><em>\u00a0(siehe Impressum)<\/em><em>. Vielen Dank!<\/em><\/p>\n<p><img loading=\"lazy\" decoding=\"async\" class=\"alignnone size-full wp-image-127\" src=\"https:\/\/www.brunnenputzer.de\/wordpress\/wp-content\/uploads\/2018\/06\/pp_2015_prinzin_lisa_prinz_daniel.jpg\" alt=\"\" width=\"595\" height=\"842\" srcset=\"https:\/\/www.brunnenputzer.de\/wordpress\/wp-content\/uploads\/2018\/06\/pp_2015_prinzin_lisa_prinz_daniel.jpg 595w, https:\/\/www.brunnenputzer.de\/wordpress\/wp-content\/uploads\/2018\/06\/pp_2015_prinzin_lisa_prinz_daniel-212x300.jpg 212w, https:\/\/www.brunnenputzer.de\/wordpress\/wp-content\/uploads\/2018\/06\/pp_2015_prinzin_lisa_prinz_daniel-314x444.jpg 314w\" sizes=\"auto, (max-width: 595px) 100vw, 595px\" \/><\/p>\n","protected":false},"excerpt":{"rendered":"<p>Die Bilder wurden vor der Ver\u00f6ffentlichung sorgf\u00e4ltig ausgew\u00e4hlt, solltet ihr dennoch die Entfernung eines Bildes w\u00fcnschen, bitte eine Mail an einen der Webmaster\u00a0schicken\u00a0(siehe Impressum). Vielen Dank!<\/p>\n","protected":false},"author":3,"featured_media":0,"parent":0,"menu_order":0,"comment_status":"closed","ping_status":"closed","template":"","meta":{"footnotes":""},"class_list":["post-349","page","type-page","status-publish","hentry"],"jetpack_sharing_enabled":true,"_links":{"self":[{"href":"https:\/\/www.brunnenputzer.de\/wordpress\/wp-json\/wp\/v2\/pages\/349","targetHints":{"allow":["GET"]}}],"collection":[{"href":"https:\/\/www.brunnenputzer.de\/wordpress\/wp-json\/wp\/v2\/pages"}],"about":[{"href":"https:\/\/www.brunnenputzer.de\/wordpress\/wp-json\/wp\/v2\/types\/page"}],"author":[{"embeddable":true,"href":"https:\/\/www.brunnenputzer.de\/wordpress\/wp-json\/wp\/v2\/users\/3"}],"replies":[{"embeddable":true,"href":"https:\/\/www.brunnenputzer.de\/wordpress\/wp-json\/wp\/v2\/comments?post=349"}],"version-history":[{"count":4,"href":"https:\/\/www.brunnenputzer.de\/wordpress\/wp-json\/wp\/v2\/pages\/349\/revisions"}],"predecessor-version":[{"id":6513,"href":"https:\/\/www.brunnenputzer.de\/wordpress\/wp-json\/wp\/v2\/pages\/349\/revisions\/6513"}],"wp:attachment":[{"href":"https:\/\/www.brunnenputzer.de\/wordpress\/wp-json\/wp\/v2\/media?parent=349"}],"curies":[{"name":"wp","href":"https:\/\/api.w.org\/{rel}","templated":true}]}}