{"id":340,"date":"2018-06-14T12:10:38","date_gmt":"2018-06-14T10:10:38","guid":{"rendered":"http:\/\/www.brunnenputzer.de\/wordpress\/?page_id=340"},"modified":"2018-07-13T15:31:44","modified_gmt":"2018-07-13T13:31:44","slug":"bilder-2016","status":"publish","type":"page","link":"https:\/\/www.brunnenputzer.de\/wordpress\/bilder-2016\/","title":{"rendered":"Bilder 2016"},"content":{"rendered":"<p><em>Die Bilder wurden vor der Ver\u00f6ffentlichung sorgf\u00e4ltig ausgew\u00e4hlt, solltet ihr dennoch die Entfernung eines Bildes w\u00fcnschen, bitte eine Mail an einen der Webmaster\u00a0<\/em><em>schicken<\/em><em>\u00a0(siehe Impressum)<\/em><em>. Vielen Dank!<\/em><\/p>\n<p><img loading=\"lazy\" decoding=\"async\" class=\"alignnone wp-image-128 size-full\" src=\"https:\/\/www.brunnenputzer.de\/wordpress\/wp-content\/uploads\/2018\/06\/pp_2016_prinzin_jennifer_prinz_ronald_2..jpg\" alt=\"\" width=\"595\" height=\"842\" srcset=\"https:\/\/www.brunnenputzer.de\/wordpress\/wp-content\/uploads\/2018\/06\/pp_2016_prinzin_jennifer_prinz_ronald_2..jpg 595w, https:\/\/www.brunnenputzer.de\/wordpress\/wp-content\/uploads\/2018\/06\/pp_2016_prinzin_jennifer_prinz_ronald_2.-212x300.jpg 212w, https:\/\/www.brunnenputzer.de\/wordpress\/wp-content\/uploads\/2018\/06\/pp_2016_prinzin_jennifer_prinz_ronald_2.-314x444.jpg 314w\" sizes=\"auto, (max-width: 595px) 100vw, 595px\" \/><\/p>\n","protected":false},"excerpt":{"rendered":"<p>Die Bilder wurden vor der Ver\u00f6ffentlichung sorgf\u00e4ltig ausgew\u00e4hlt, solltet ihr dennoch die Entfernung eines Bildes w\u00fcnschen, bitte eine Mail an einen der Webmaster\u00a0schicken\u00a0(siehe Impressum). Vielen Dank!<\/p>\n","protected":false},"author":3,"featured_media":0,"parent":0,"menu_order":0,"comment_status":"closed","ping_status":"closed","template":"","meta":{"footnotes":""},"class_list":["post-340","page","type-page","status-publish","hentry"],"jetpack_sharing_enabled":true,"_links":{"self":[{"href":"https:\/\/www.brunnenputzer.de\/wordpress\/wp-json\/wp\/v2\/pages\/340","targetHints":{"allow":["GET"]}}],"collection":[{"href":"https:\/\/www.brunnenputzer.de\/wordpress\/wp-json\/wp\/v2\/pages"}],"about":[{"href":"https:\/\/www.brunnenputzer.de\/wordpress\/wp-json\/wp\/v2\/types\/page"}],"author":[{"embeddable":true,"href":"https:\/\/www.brunnenputzer.de\/wordpress\/wp-json\/wp\/v2\/users\/3"}],"replies":[{"embeddable":true,"href":"https:\/\/www.brunnenputzer.de\/wordpress\/wp-json\/wp\/v2\/comments?post=340"}],"version-history":[{"count":5,"href":"https:\/\/www.brunnenputzer.de\/wordpress\/wp-json\/wp\/v2\/pages\/340\/revisions"}],"predecessor-version":[{"id":6511,"href":"https:\/\/www.brunnenputzer.de\/wordpress\/wp-json\/wp\/v2\/pages\/340\/revisions\/6511"}],"wp:attachment":[{"href":"https:\/\/www.brunnenputzer.de\/wordpress\/wp-json\/wp\/v2\/media?parent=340"}],"curies":[{"name":"wp","href":"https:\/\/api.w.org\/{rel}","templated":true}]}}