{"id":10859,"date":"2021-02-15T14:51:54","date_gmt":"2021-02-15T13:51:54","guid":{"rendered":"http:\/\/www.brunnenputzer.de\/wordpress\/?page_id=10859"},"modified":"2021-11-17T18:33:31","modified_gmt":"2021-11-17T17:33:31","slug":"der-umzug-2021","status":"publish","type":"page","link":"https:\/\/www.brunnenputzer.de\/wordpress\/der-umzug-2021\/","title":{"rendered":"Der Umzug 2021"},"content":{"rendered":"\n<p>Brunnenputzer \u00c4iwi Voul!!! Die Vorstandschaft und das Pr\u00e4sidium bedanken sich f\u00fcr diesen tollen Einsatz bei den Wagenbauern und Produzenten!<\/p>\n","protected":false},"excerpt":{"rendered":"<p>Brunnenputzer \u00c4iwi Voul!!! Die Vorstandschaft und das Pr\u00e4sidium bedanken sich f\u00fcr diesen tollen Einsatz bei den Wagenbauern und Produzenten!<\/p>\n","protected":false},"author":2,"featured_media":0,"parent":0,"menu_order":0,"comment_status":"closed","ping_status":"closed","template":"","meta":{"footnotes":""},"class_list":["post-10859","page","type-page","status-publish","hentry"],"jetpack_sharing_enabled":true,"_links":{"self":[{"href":"https:\/\/www.brunnenputzer.de\/wordpress\/wp-json\/wp\/v2\/pages\/10859","targetHints":{"allow":["GET"]}}],"collection":[{"href":"https:\/\/www.brunnenputzer.de\/wordpress\/wp-json\/wp\/v2\/pages"}],"about":[{"href":"https:\/\/www.brunnenputzer.de\/wordpress\/wp-json\/wp\/v2\/types\/page"}],"author":[{"embeddable":true,"href":"https:\/\/www.brunnenputzer.de\/wordpress\/wp-json\/wp\/v2\/users\/2"}],"replies":[{"embeddable":true,"href":"https:\/\/www.brunnenputzer.de\/wordpress\/wp-json\/wp\/v2\/comments?post=10859"}],"version-history":[{"count":7,"href":"https:\/\/www.brunnenputzer.de\/wordpress\/wp-json\/wp\/v2\/pages\/10859\/revisions"}],"predecessor-version":[{"id":10937,"href":"https:\/\/www.brunnenputzer.de\/wordpress\/wp-json\/wp\/v2\/pages\/10859\/revisions\/10937"}],"wp:attachment":[{"href":"https:\/\/www.brunnenputzer.de\/wordpress\/wp-json\/wp\/v2\/media?parent=10859"}],"curies":[{"name":"wp","href":"https:\/\/api.w.org\/{rel}","templated":true}]}}